{"id":11,"date":"2017-04-28T20:03:05","date_gmt":"2017-04-28T18:03:05","guid":{"rendered":"http:\/\/www.prokromeriz.cz\/?page_id=11"},"modified":"2025-06-08T17:51:37","modified_gmt":"2025-06-08T15:51:37","slug":"about","status":"publish","type":"page","link":"https:\/\/www.jeslicky.com\/index.php\/home\/about\/","title":{"rendered":"kontakt"},"content":{"rendered":"<h3 data-start=\"113\" data-end=\"132\">Provozn\u00ed doba<\/h3>\n<p data-start=\"133\" data-end=\"166\"><strong data-start=\"133\" data-end=\"166\">Pond\u011bl\u00ed \u2013 p\u00e1tek: 7:00 \u2013 15:30<\/strong><\/p>\n<hr data-start=\"168\" data-end=\"171\" \/>\n<h3 data-start=\"173\" data-end=\"207\">Adresy provoz\u016f d\u011btsk\u00fdch skupin<\/h3>\n<p data-start=\"209\" data-end=\"383\"><strong data-start=\"209\" data-end=\"221\">Krom\u011b\u0159\u00ed\u017e<\/strong><br data-start=\"221\" data-end=\"224\" \/>\ud83d\udccd <em data-start=\"227\" data-end=\"244\">Chropy\u0148sk\u00e1 1685<\/em><br data-start=\"244\" data-end=\"247\" \/>\u2013 D\u011btsk\u00e1 skupina Pro Krom\u011b\u0159\u00ed\u017e \u2013 \u0160t\u011b\u0148\u00e1tka<br data-start=\"291\" data-end=\"294\" \/>\u2013 D\u011btsk\u00e1 skupina Pro Krom\u011b\u0159\u00ed\u017e \u2013 Ku\u0159\u00e1tka<br data-start=\"337\" data-end=\"340\" \/>\u2013 D\u011btsk\u00e1 skupina Pro Krom\u011b\u0159\u00ed\u017e \u2013 Ko\u0165\u00e1tka<\/p>\n<p data-start=\"385\" data-end=\"497\">\ud83d\udccd <em data-start=\"388\" data-end=\"405\">Vrchlick\u00e9ho 971<\/em><br data-start=\"405\" data-end=\"408\" \/>\u2013 D\u011btsk\u00e1 skupina Pro Krom\u011b\u0159\u00ed\u017e \u2013 My\u0161i\u010dky<br data-start=\"451\" data-end=\"454\" \/>\u2013 D\u011btsk\u00e1 skupina Pro Krom\u011b\u0159\u00ed\u017e \u2013 \u017dabi\u010dky<\/p>\n<p data-start=\"499\" data-end=\"670\"><strong data-start=\"499\" data-end=\"507\">Zl\u00edn<\/strong><br data-start=\"507\" data-end=\"510\" \/>\ud83d\udccd <em data-start=\"513\" data-end=\"545\">P\u0159ehradn\u00ed 275, Zl\u00edn \u2013 Kostelec<\/em><br data-start=\"545\" data-end=\"548\" \/>\u2013 D\u011btsk\u00e1 skupina Pro Zl\u00edn \u2013 Cvr\u010dci<br data-start=\"586\" data-end=\"589\" \/>\u2013 D\u011btsk\u00e1 skupina Pro Zl\u00edn \u2013 Mot\u00fdlci<br data-start=\"628\" data-end=\"631\" \/>\u2013 D\u011btsk\u00e1 skupina Pro Zl\u00edn \u2013 Beru\u0161ky<\/p>\n<hr data-start=\"672\" data-end=\"675\" \/>\n<h3 data-start=\"677\" data-end=\"700\">Identifika\u010dn\u00ed \u00fadaje<\/h3>\n<p data-start=\"702\" data-end=\"832\"><strong data-start=\"702\" data-end=\"719\">Provozovatel:<\/strong> Jesli\u010dky, z. s.\u00a0<br data-start=\"756\" data-end=\"759\" \/><strong data-start=\"759\" data-end=\"767\">I\u010cO:<\/strong> 05066051<br data-start=\"776\" data-end=\"779\" \/><strong data-start=\"779\" data-end=\"796\">S\u00eddlo spolku:<\/strong><br data-start=\"796\" data-end=\"799\" \/>Chropy\u0148sk\u00e1 1685<br data-start=\"814\" data-end=\"817\" \/>767 01 Krom\u011b\u0159\u00ed\u017e<\/p>\n<p data-start=\"834\" data-end=\"953\">\ud83d\udccc <strong data-start=\"837\" data-end=\"953\">Slu\u017eba p\u00e9\u010de o d\u00edt\u011b je poskytov\u00e1na dle z\u00e1kona \u010d.\u202f247\/2014 Sb., o poskytov\u00e1n\u00ed slu\u017eby p\u00e9\u010de o d\u00edt\u011b v d\u011btsk\u00e9 skupin\u011b.<\/strong><\/p>\n<hr data-start=\"955\" data-end=\"958\" \/>\n<h3 data-start=\"960\" data-end=\"979\">Kontaktn\u00ed osoby<\/h3>\n<p data-start=\"981\" data-end=\"1105\"><strong data-start=\"981\" data-end=\"1000\">\u0158editelka jesl\u00ed<\/strong><\/p>\n<h6><img loading=\"lazy\" decoding=\"async\" class=\"size-medium wp-image-730 alignleft\" src=\"http:\/\/www.prokromeriz.cz\/wp-content\/uploads\/2022\/08\/P6170114-Edit-225x300.jpg\" alt=\"\" width=\"225\" height=\"300\" srcset=\"https:\/\/www.jeslicky.com\/wp-content\/uploads\/2022\/08\/P6170114-Edit-225x300.jpg 225w, https:\/\/www.jeslicky.com\/wp-content\/uploads\/2022\/08\/P6170114-Edit-768x1024.jpg 768w, https:\/\/www.jeslicky.com\/wp-content\/uploads\/2022\/08\/P6170114-Edit.jpg 960w\" sizes=\"auto, (max-width: 225px) 100vw, 225px\" \/><\/h6>\n<p data-start=\"981\" data-end=\"1105\"><strong data-start=\"1003\" data-end=\"1025\">Eva Vlachov\u00e1, DiS.<\/strong><br data-start=\"1025\" data-end=\"1028\" \/>\ud83d\udcde 733 740 655<br data-start=\"1042\" data-end=\"1045\" \/>\ud83d\udce7 <a class=\"cursor-pointer\" rel=\"noopener\" data-start=\"1048\" data-end=\"1105\">vlachova@prokromeriz.cz<\/a><\/p>\n<p data-start=\"1107\" data-end=\"1170\">\n<p data-start=\"1107\" data-end=\"1170\">\n<!--more--><\/p>\n<h6><img loading=\"lazy\" decoding=\"async\" class=\"size-medium wp-image-860 alignright\" src=\"http:\/\/www.prokromeriz.cz\/wp-content\/uploads\/2025\/06\/Obr\u00e1zek-WhatsApp-2025-06-06-v-10.36.41_ec79f56a-300x200.jpg\" alt=\"\" width=\"300\" height=\"200\" srcset=\"https:\/\/www.jeslicky.com\/wp-content\/uploads\/2025\/06\/Obr\u00e1zek-WhatsApp-2025-06-06-v-10.36.41_ec79f56a-300x200.jpg 300w, https:\/\/www.jeslicky.com\/wp-content\/uploads\/2025\/06\/Obr\u00e1zek-WhatsApp-2025-06-06-v-10.36.41_ec79f56a-1024x682.jpg 1024w, https:\/\/www.jeslicky.com\/wp-content\/uploads\/2025\/06\/Obr\u00e1zek-WhatsApp-2025-06-06-v-10.36.41_ec79f56a-768x512.jpg 768w, https:\/\/www.jeslicky.com\/wp-content\/uploads\/2025\/06\/Obr\u00e1zek-WhatsApp-2025-06-06-v-10.36.41_ec79f56a-1536x1023.jpg 1536w, https:\/\/www.jeslicky.com\/wp-content\/uploads\/2025\/06\/Obr\u00e1zek-WhatsApp-2025-06-06-v-10.36.41_ec79f56a.jpg 1600w\" sizes=\"auto, (max-width: 300px) 100vw, 300px\" \/><\/h6>\n<p data-start=\"1107\" data-end=\"1170\"><br data-start=\"1129\" data-end=\"1132\" \/><strong data-start=\"1132\" data-end=\"1170\">P\u0159edsedkyn\u011b spolku<\/strong><\/p>\n<p data-start=\"1107\" data-end=\"1170\"><strong data-start=\"1132\" data-end=\"1170\">MgA. et Mgr. Lenka Tomm Helem\u00edkov\u00e1<\/strong><\/p>\n<h3 data-start=\"1177\" data-end=\"1208\"><\/h3>\n<p><!--more--><\/p>\n<h3 data-start=\"1177\" data-end=\"1208\">Sledujte n\u00e1s na Facebooku<\/h3>\n<p data-start=\"1209\" data-end=\"1287\">\ud83d\udcf1 <a class=\"\" href=\"https:\/\/www.facebook.com\/jesleprokromeriz\/\" target=\"_new\" rel=\"noopener noreferrer\" data-start=\"1212\" data-end=\"1287\">facebook.com\/jesleprokromeriz<\/a><\/p>\n","protected":false},"excerpt":{"rendered":"<p>Provozn\u00ed doba Pond\u011bl\u00ed \u2013 p\u00e1tek: 7:00 \u2013 15:30 Adresy provoz\u016f d\u011btsk\u00fdch skupin Krom\u011b\u0159\u00ed\u017e\ud83d\udccd Chropy\u0148sk\u00e1 1685\u2013 D\u011btsk\u00e1 skupina Pro Krom\u011b\u0159\u00ed\u017e \u2013 \u0160t\u011b\u0148\u00e1tka\u2013 D\u011btsk\u00e1 skupina Pro Krom\u011b\u0159\u00ed\u017e \u2013 Ku\u0159\u00e1tka\u2013 D\u011btsk\u00e1 skupina Pro Krom\u011b\u0159\u00ed\u017e \u2013 Ko\u0165\u00e1tka \ud83d\udccd Vrchlick\u00e9ho 971\u2013 D\u011btsk\u00e1 skupina Pro Krom\u011b\u0159\u00ed\u017e \u2013 My\u0161i\u010dky\u2013 D\u011btsk\u00e1 skupina Pro Krom\u011b\u0159\u00ed\u017e \u2013 \u017dabi\u010dky Zl\u00edn\ud83d\udccd P\u0159ehradn\u00ed 275, Zl\u00edn \u2013 Kostelec\u2013 D\u011btsk\u00e1 &hellip; <\/p>\n<p class=\"link-more\"><a href=\"https:\/\/www.jeslicky.com\/index.php\/home\/about\/\" class=\"more-link\">Pokra\u010dovat ve \u010dten\u00ed<span class=\"screen-reader-text\"> &#8222;kontakt&#8220;<\/span><\/a><\/p>\n","protected":false},"author":1,"featured_media":0,"parent":10,"menu_order":0,"comment_status":"closed","ping_status":"closed","template":"","meta":{"footnotes":""},"class_list":["post-11","page","type-page","status-publish","hentry"],"_links":{"self":[{"href":"https:\/\/www.jeslicky.com\/index.php\/wp-json\/wp\/v2\/pages\/11","targetHints":{"allow":["GET"]}}],"collection":[{"href":"https:\/\/www.jeslicky.com\/index.php\/wp-json\/wp\/v2\/pages"}],"about":[{"href":"https:\/\/www.jeslicky.com\/index.php\/wp-json\/wp\/v2\/types\/page"}],"author":[{"embeddable":true,"href":"https:\/\/www.jeslicky.com\/index.php\/wp-json\/wp\/v2\/users\/1"}],"replies":[{"embeddable":true,"href":"https:\/\/www.jeslicky.com\/index.php\/wp-json\/wp\/v2\/comments?post=11"}],"version-history":[{"count":82,"href":"https:\/\/www.jeslicky.com\/index.php\/wp-json\/wp\/v2\/pages\/11\/revisions"}],"predecessor-version":[{"id":920,"href":"https:\/\/www.jeslicky.com\/index.php\/wp-json\/wp\/v2\/pages\/11\/revisions\/920"}],"up":[{"embeddable":true,"href":"https:\/\/www.jeslicky.com\/index.php\/wp-json\/wp\/v2\/pages\/10"}],"wp:attachment":[{"href":"https:\/\/www.jeslicky.com\/index.php\/wp-json\/wp\/v2\/media?parent=11"}],"curies":[{"name":"wp","href":"https:\/\/api.w.org\/{rel}","templated":true}]}}