{"id":13,"date":"2017-04-28T20:03:05","date_gmt":"2017-04-28T18:03:05","guid":{"rendered":"http:\/\/www.prokromeriz.cz\/?page_id=13"},"modified":"2018-06-04T10:23:25","modified_gmt":"2018-06-04T08:23:25","slug":"blog","status":"publish","type":"page","link":"https:\/\/www.jeslicky.com\/index.php\/home\/blog\/","title":{"rendered":"nab\u00eddka pr\u00e1ce"},"content":{"rendered":"<p>Jesle Pro Krom\u011b\u0159\u00ed\u017e, z.s.\u00a0 p\u0159ijmou do pracovn\u00edho t\u00fdmu na hlavn\u00ed pracovn\u00ed pom\u011br\u00a0 pracovn\u00edka \/ pracovnici na pozici <strong>ch\u016fva<\/strong>.\u00a0<img loading=\"lazy\" decoding=\"async\" class=\"alignright wp-image-121\" src=\"http:\/\/www.prokromeriz.cz\/wp-content\/uploads\/2017\/04\/billionphotos-1877711.png\" alt=\"\" width=\"250\" height=\"279\" \/><\/p>\n<p><strong>M\u00edsto v\u00fdkonu pr\u00e1ce:<\/strong> Jesle v Krom\u011b\u0159\u00ed\u017ei, Chropy\u0148sk\u00e1 ulice<\/p>\n<p><strong>Sm\u011bnnost<\/strong>: pravideln\u00e1 pracovn\u00ed doba<br \/>\n<strong>Pracovn\u011b pr\u00e1vn\u00ed vztah<\/strong>: pln\u00fd \u00favazek<br \/>\n<strong>Doba zam\u011bstn\u00e1n\u00ed<\/strong>: od 25.7.2018 na dobu ur\u010ditou (1 rok) s mo\u017enost\u00ed prodlou\u017een\u00ed smlouvy<br \/>\n<strong>Mzda<\/strong>: n\u00e1stupn\u00ed plat 17.500,- K\u010d, po uplynut\u00ed zku\u0161ebn\u00ed lh\u016fty (3 m\u011bs\u00edce) 19.500,- K\u010d (hrub\u00e1 mzda)<\/p>\n<p><strong>Po\u017eadujeme<\/strong>:<br \/>\n&#8211; praxi v oboru nebo zku\u0161enost pr\u00e1ce s d\u011btmi<br \/>\n&#8211; odborn\u00e9 vzd\u011bl\u00e1n\u00ed &#8211; pedagogick\u00e9, zdravotnick\u00e9 nebo soci\u00e1ln\u00ed<br \/>\n&#8211; spolehlivost<br \/>\n&#8211; schopnost t\u00fdmov\u00e9 pr\u00e1ce<\/p>\n<p><strong>N\u00e1pl\u0148 pr\u00e1ce:\u00a0<\/strong><br \/>\n&#8211; p\u0159\u00edm\u00e1 pr\u00e1ce s d\u011btmi ve v\u011bku 0,5 &#8211; 3 let<br \/>\n&#8211; v\u00fdchova a opatrov\u00e1n\u00ed sv\u011b\u0159en\u00fdch d\u011bt\u00ed<br \/>\n&#8211; asistence d\u011btem p\u0159i stravov\u00e1n\u00ed, obl\u00e9k\u00e1n\u00ed a hygienick\u00fdch \u00fakonech<br \/>\n&#8211; evidence doch\u00e1zky, p\u0159\u00edprava programu, dal\u0161\u00ed administrativn\u00ed \u00fakoly<\/p>\n<p><strong>Nab\u00edz\u00edme<\/strong>: p\u0159\u00e1telsk\u00fd pracovn\u00ed kolektiv, mo\u017enost vzd\u011bl\u00e1v\u00e1n\u00ed se v oboru p\u00e9\u010de o nejmen\u0161\u00ed d\u011bti.<\/p>\n<p>V p\u0159\u00edpad\u011b, \u017ee v\u00e1s na\u0161e pracovn\u00ed nab\u00eddka zaujala, kontaktujte \u0159editelku jesl\u00ed<br \/>\n<a href=\"http:\/\/www.prokromeriz.cz\/index.php\/home\/about\/\">Evu Vlachovou, DiS.\u00a0<\/a>\u00a0&#8211;\u00a0tel.: 733 740 655,\u00a0vlachova@prokromeriz.cz<\/p>\n","protected":false},"excerpt":{"rendered":"<p>Jesle Pro Krom\u011b\u0159\u00ed\u017e, z.s.\u00a0 p\u0159ijmou do pracovn\u00edho t\u00fdmu na hlavn\u00ed pracovn\u00ed pom\u011br\u00a0 pracovn\u00edka \/ pracovnici na pozici ch\u016fva.\u00a0 M\u00edsto v\u00fdkonu pr\u00e1ce: Jesle v Krom\u011b\u0159\u00ed\u017ei, Chropy\u0148sk\u00e1 ulice Sm\u011bnnost: pravideln\u00e1 pracovn\u00ed doba Pracovn\u011b pr\u00e1vn\u00ed vztah: pln\u00fd \u00favazek Doba zam\u011bstn\u00e1n\u00ed: od 25.7.2018 na dobu ur\u010ditou (1 rok) s mo\u017enost\u00ed prodlou\u017een\u00ed smlouvy Mzda: n\u00e1stupn\u00ed plat 17.500,- K\u010d, po uplynut\u00ed &hellip; <\/p>\n<p class=\"link-more\"><a href=\"https:\/\/www.jeslicky.com\/index.php\/home\/blog\/\" class=\"more-link\">Pokra\u010dovat ve \u010dten\u00ed<span class=\"screen-reader-text\"> &#8222;nab\u00eddka pr\u00e1ce&#8220;<\/span><\/a><\/p>\n","protected":false},"author":1,"featured_media":0,"parent":10,"menu_order":0,"comment_status":"closed","ping_status":"closed","template":"","meta":{"footnotes":""},"class_list":["post-13","page","type-page","status-publish","hentry"],"_links":{"self":[{"href":"https:\/\/www.jeslicky.com\/index.php\/wp-json\/wp\/v2\/pages\/13","targetHints":{"allow":["GET"]}}],"collection":[{"href":"https:\/\/www.jeslicky.com\/index.php\/wp-json\/wp\/v2\/pages"}],"about":[{"href":"https:\/\/www.jeslicky.com\/index.php\/wp-json\/wp\/v2\/types\/page"}],"author":[{"embeddable":true,"href":"https:\/\/www.jeslicky.com\/index.php\/wp-json\/wp\/v2\/users\/1"}],"replies":[{"embeddable":true,"href":"https:\/\/www.jeslicky.com\/index.php\/wp-json\/wp\/v2\/comments?post=13"}],"version-history":[{"count":20,"href":"https:\/\/www.jeslicky.com\/index.php\/wp-json\/wp\/v2\/pages\/13\/revisions"}],"predecessor-version":[{"id":600,"href":"https:\/\/www.jeslicky.com\/index.php\/wp-json\/wp\/v2\/pages\/13\/revisions\/600"}],"up":[{"embeddable":true,"href":"https:\/\/www.jeslicky.com\/index.php\/wp-json\/wp\/v2\/pages\/10"}],"wp:attachment":[{"href":"https:\/\/www.jeslicky.com\/index.php\/wp-json\/wp\/v2\/media?parent=13"}],"curies":[{"name":"wp","href":"https:\/\/api.w.org\/{rel}","templated":true}]}}