{"id":290,"date":"2017-06-08T08:58:26","date_gmt":"2017-06-08T06:58:26","guid":{"rendered":"http:\/\/www.prokromeriz.cz\/?page_id=290"},"modified":"2022-08-15T17:39:27","modified_gmt":"2022-08-15T15:39:27","slug":"oddeleni-kotatka","status":"publish","type":"page","link":"https:\/\/www.jeslicky.com\/index.php\/oddeleni-kotatka\/","title":{"rendered":"ko\u0165\u00e1tka"},"content":{"rendered":"<p>Odd\u011blen\u00ed ko\u0165\u00e1tek se nach\u00e1z\u00ed v\u00a01. nadzemn\u00edm podla\u017e\u00ed jesli\u010dek.\u00a0O d\u011bti pe\u010duje ch\u016fvi\u010dka <b>Jind\u0159i\u0161ka.<\/b><\/p>\n<p><img loading=\"lazy\" decoding=\"async\" class=\"size-medium wp-image-723 alignnone\" src=\"http:\/\/www.prokromeriz.cz\/wp-content\/uploads\/2022\/08\/P6170027-Edit-225x300.jpg\" alt=\"\" width=\"225\" height=\"300\" srcset=\"https:\/\/www.jeslicky.com\/wp-content\/uploads\/2022\/08\/P6170027-Edit-225x300.jpg 225w, https:\/\/www.jeslicky.com\/wp-content\/uploads\/2022\/08\/P6170027-Edit-768x1024.jpg 768w, https:\/\/www.jeslicky.com\/wp-content\/uploads\/2022\/08\/P6170027-Edit.jpg 960w\" sizes=\"auto, (max-width: 225px) 100vw, 225px\" \/><\/p>\n<hr \/>\n<p><strong>Fotografie z interi\u00e9ru:<\/strong><\/p>\n<p><img loading=\"lazy\" decoding=\"async\" class=\"wp-image-432 alignnone\" src=\"http:\/\/www.prokromeriz.cz\/wp-content\/uploads\/2017\/04\/lentomlowres-90-Edit.jpg\" alt=\"\" width=\"330\" height=\"236\" \/><\/p>\n<p>D\u011bti p\u0159i sva\u010dince<\/p>\n<p><img loading=\"lazy\" decoding=\"async\" class=\"wp-image-402 alignnone\" src=\"http:\/\/www.prokromeriz.cz\/wp-content\/uploads\/2017\/04\/lentomlowres-1-Edit.jpg\" alt=\"\" width=\"330\" height=\"220\" \/><\/p>\n<p>D\u011bti\u00a0 p\u0159i h\u0159e<\/p>\n","protected":false},"excerpt":{"rendered":"<p>Odd\u011blen\u00ed ko\u0165\u00e1tek se nach\u00e1z\u00ed v\u00a01. nadzemn\u00edm podla\u017e\u00ed jesli\u010dek.\u00a0O d\u011bti pe\u010duje ch\u016fvi\u010dka Jind\u0159i\u0161ka. Fotografie z interi\u00e9ru: D\u011bti p\u0159i sva\u010dince D\u011bti\u00a0 p\u0159i h\u0159e<\/p>\n","protected":false},"author":1,"featured_media":0,"parent":0,"menu_order":0,"comment_status":"closed","ping_status":"closed","template":"","meta":{"footnotes":""},"class_list":["post-290","page","type-page","status-publish","hentry"],"_links":{"self":[{"href":"https:\/\/www.jeslicky.com\/index.php\/wp-json\/wp\/v2\/pages\/290","targetHints":{"allow":["GET"]}}],"collection":[{"href":"https:\/\/www.jeslicky.com\/index.php\/wp-json\/wp\/v2\/pages"}],"about":[{"href":"https:\/\/www.jeslicky.com\/index.php\/wp-json\/wp\/v2\/types\/page"}],"author":[{"embeddable":true,"href":"https:\/\/www.jeslicky.com\/index.php\/wp-json\/wp\/v2\/users\/1"}],"replies":[{"embeddable":true,"href":"https:\/\/www.jeslicky.com\/index.php\/wp-json\/wp\/v2\/comments?post=290"}],"version-history":[{"count":30,"href":"https:\/\/www.jeslicky.com\/index.php\/wp-json\/wp\/v2\/pages\/290\/revisions"}],"predecessor-version":[{"id":740,"href":"https:\/\/www.jeslicky.com\/index.php\/wp-json\/wp\/v2\/pages\/290\/revisions\/740"}],"wp:attachment":[{"href":"https:\/\/www.jeslicky.com\/index.php\/wp-json\/wp\/v2\/media?parent=290"}],"curies":[{"name":"wp","href":"https:\/\/api.w.org\/{rel}","templated":true}]}}