{"id":292,"date":"2017-06-08T08:58:38","date_gmt":"2017-06-08T06:58:38","guid":{"rendered":"http:\/\/www.prokromeriz.cz\/?page_id=292"},"modified":"2024-09-03T18:31:24","modified_gmt":"2024-09-03T16:31:24","slug":"oddeleni-stenatka","status":"publish","type":"page","link":"https:\/\/www.jeslicky.com\/index.php\/oddeleni-stenatka\/","title":{"rendered":"\u0161t\u011b\u0148\u00e1tka"},"content":{"rendered":"<p>Odd\u011blen\u00ed \u0161t\u011b\u0148\u00e1tek se nach\u00e1z\u00ed v 3. nadzemn\u00edm podla\u017e\u00ed jesli\u010dek. O d\u011bti pe\u010duje ch\u016fvi\u010dka <b>Hanka<\/b>.<img loading=\"lazy\" decoding=\"async\" class=\"size-medium wp-image-781 aligncenter\" src=\"http:\/\/www.prokromeriz.cz\/wp-content\/uploads\/2022\/09\/8C36EF3C-374C-48B8-8708-F08DB572F7A0-225x300.jpeg\" alt=\"\" width=\"225\" height=\"300\" srcset=\"https:\/\/www.jeslicky.com\/wp-content\/uploads\/2022\/09\/8C36EF3C-374C-48B8-8708-F08DB572F7A0-225x300.jpeg 225w, https:\/\/www.jeslicky.com\/wp-content\/uploads\/2022\/09\/8C36EF3C-374C-48B8-8708-F08DB572F7A0-768x1024.jpeg 768w, https:\/\/www.jeslicky.com\/wp-content\/uploads\/2022\/09\/8C36EF3C-374C-48B8-8708-F08DB572F7A0-1152x1536.jpeg 1152w, https:\/\/www.jeslicky.com\/wp-content\/uploads\/2022\/09\/8C36EF3C-374C-48B8-8708-F08DB572F7A0.jpeg 1536w\" sizes=\"auto, (max-width: 225px) 100vw, 225px\" \/><\/p>\n<hr \/>\n<p><strong>Fotky interi\u00e9ru z odd\u011blen\u00ed:<\/strong><\/p>\n<p><img loading=\"lazy\" decoding=\"async\" class=\"wp-image-428 alignnone\" src=\"http:\/\/www.prokromeriz.cz\/wp-content\/uploads\/2017\/04\/lentomlowres-84-Edit.jpg\" alt=\"\" width=\"330\" height=\"220\" \/><\/p>\n<p>Herna<\/p>\n<p><img loading=\"lazy\" decoding=\"async\" class=\"wp-image-427 alignnone\" src=\"http:\/\/www.prokromeriz.cz\/wp-content\/uploads\/2017\/04\/lentomlowres-83-Edit.jpg\" alt=\"\" width=\"330\" height=\"220\" \/><\/p>\n<p>Kreativn\u00ed koutek<\/p>\n<p><img loading=\"lazy\" decoding=\"async\" class=\"wp-image-429 alignnone\" src=\"http:\/\/www.prokromeriz.cz\/wp-content\/uploads\/2017\/04\/lentomlowres-85-Edit.jpg\" alt=\"\" width=\"330\" height=\"220\" \/><\/p>\n<p>J\u00eddelna<\/p>\n","protected":false},"excerpt":{"rendered":"<p>Odd\u011blen\u00ed \u0161t\u011b\u0148\u00e1tek se nach\u00e1z\u00ed v 3. nadzemn\u00edm podla\u017e\u00ed jesli\u010dek. O d\u011bti pe\u010duje ch\u016fvi\u010dka Hanka. Fotky interi\u00e9ru z odd\u011blen\u00ed: Herna Kreativn\u00ed koutek J\u00eddelna<\/p>\n","protected":false},"author":1,"featured_media":0,"parent":0,"menu_order":0,"comment_status":"closed","ping_status":"closed","template":"","meta":{"footnotes":""},"class_list":["post-292","page","type-page","status-publish","hentry"],"_links":{"self":[{"href":"https:\/\/www.jeslicky.com\/index.php\/wp-json\/wp\/v2\/pages\/292","targetHints":{"allow":["GET"]}}],"collection":[{"href":"https:\/\/www.jeslicky.com\/index.php\/wp-json\/wp\/v2\/pages"}],"about":[{"href":"https:\/\/www.jeslicky.com\/index.php\/wp-json\/wp\/v2\/types\/page"}],"author":[{"embeddable":true,"href":"https:\/\/www.jeslicky.com\/index.php\/wp-json\/wp\/v2\/users\/1"}],"replies":[{"embeddable":true,"href":"https:\/\/www.jeslicky.com\/index.php\/wp-json\/wp\/v2\/comments?post=292"}],"version-history":[{"count":21,"href":"https:\/\/www.jeslicky.com\/index.php\/wp-json\/wp\/v2\/pages\/292\/revisions"}],"predecessor-version":[{"id":831,"href":"https:\/\/www.jeslicky.com\/index.php\/wp-json\/wp\/v2\/pages\/292\/revisions\/831"}],"wp:attachment":[{"href":"https:\/\/www.jeslicky.com\/index.php\/wp-json\/wp\/v2\/media?parent=292"}],"curies":[{"name":"wp","href":"https:\/\/api.w.org\/{rel}","templated":true}]}}