{"id":369,"date":"2017-08-31T07:12:45","date_gmt":"2017-08-31T05:12:45","guid":{"rendered":"http:\/\/www.prokromeriz.cz\/?page_id=369"},"modified":"2025-06-08T17:11:14","modified_gmt":"2025-06-08T15:11:14","slug":"oddeleni-jesli","status":"publish","type":"page","link":"https:\/\/www.jeslicky.com\/index.php\/oddeleni-jesli\/","title":{"rendered":"Jesle v Krom\u011b\u0159\u00ed\u017ei"},"content":{"rendered":"<p>Jesli\u010dky se nach\u00e1z\u00ed ve dvou provozech.<\/p>\n<ul>\n<li>Prvn\u00edm je <strong>bytov\u00fd d\u016fm na Chropy\u0148sk\u00e9 ulici<\/strong> (kousek od n\u00e1dra\u017e\u00ed);<\/li>\n<\/ul>\n<p><img loading=\"lazy\" decoding=\"async\" class=\"size-medium wp-image-763 alignnone\" src=\"http:\/\/www.prokromeriz.cz\/wp-content\/uploads\/2022\/08\/26245DB1-C41F-4F96-B7CC-688903F180C4-300x225.jpeg\" alt=\"\" width=\"300\" height=\"225\" srcset=\"https:\/\/www.jeslicky.com\/wp-content\/uploads\/2022\/08\/26245DB1-C41F-4F96-B7CC-688903F180C4-300x225.jpeg 300w, https:\/\/www.jeslicky.com\/wp-content\/uploads\/2022\/08\/26245DB1-C41F-4F96-B7CC-688903F180C4-1024x768.jpeg 1024w, https:\/\/www.jeslicky.com\/wp-content\/uploads\/2022\/08\/26245DB1-C41F-4F96-B7CC-688903F180C4-768x576.jpeg 768w, https:\/\/www.jeslicky.com\/wp-content\/uploads\/2022\/08\/26245DB1-C41F-4F96-B7CC-688903F180C4-1536x1152.jpeg 1536w, https:\/\/www.jeslicky.com\/wp-content\/uploads\/2022\/08\/26245DB1-C41F-4F96-B7CC-688903F180C4.jpeg 1600w\" sizes=\"auto, (max-width: 300px) 100vw, 300px\" \/><\/p>\n<p>odd\u011blen\u00ed<\/p>\n<ul>\n<li style=\"list-style-type: none;\">\n<ul>\n<li><a href=\"http:\/\/www.prokromeriz.cz\/index.php\/oddeleni-kotatka\/\">Ko\u0165\u00e1tka;<\/a><\/li>\n<li><a href=\"http:\/\/www.prokromeriz.cz\/index.php\/oddeleni-kuratka\/\">Ku\u0159\u00e1tka;<\/a><\/li>\n<li><a href=\"http:\/\/www.prokromeriz.cz\/index.php\/oddeleni-stenatka\/\">\u0160t\u011b\u0148\u00e1tka.<\/a><\/li>\n<\/ul>\n<\/li>\n<li>Druh\u00fdm je <strong>vila<\/strong> na Vrchlick\u00e9ho ulici (<strong>vedle knihovny<\/strong>);<img loading=\"lazy\" decoding=\"async\" class=\"size-medium wp-image-776 aligncenter\" src=\"http:\/\/www.prokromeriz.cz\/wp-content\/uploads\/2022\/09\/02CA30A4-9105-4B89-876B-5EFB6E7D7CE4-300x225.jpeg\" alt=\"\" width=\"300\" height=\"225\" srcset=\"https:\/\/www.jeslicky.com\/wp-content\/uploads\/2022\/09\/02CA30A4-9105-4B89-876B-5EFB6E7D7CE4-300x225.jpeg 300w, https:\/\/www.jeslicky.com\/wp-content\/uploads\/2022\/09\/02CA30A4-9105-4B89-876B-5EFB6E7D7CE4-1024x768.jpeg 1024w, https:\/\/www.jeslicky.com\/wp-content\/uploads\/2022\/09\/02CA30A4-9105-4B89-876B-5EFB6E7D7CE4-768x576.jpeg 768w, https:\/\/www.jeslicky.com\/wp-content\/uploads\/2022\/09\/02CA30A4-9105-4B89-876B-5EFB6E7D7CE4-1536x1152.jpeg 1536w, https:\/\/www.jeslicky.com\/wp-content\/uploads\/2022\/09\/02CA30A4-9105-4B89-876B-5EFB6E7D7CE4.jpeg 2000w\" sizes=\"auto, (max-width: 300px) 100vw, 300px\" \/><br \/>\nodd\u011blen\u00ed<\/p>\n<ul>\n<li><a href=\"http:\/\/www.prokromeriz.cz\/index.php\/mysicky\/\">My\u0161i\u010dky;<\/a><\/li>\n<li><a href=\"http:\/\/www.prokromeriz.cz\/index.php\/zabicky\/\">\u017dabi\u010dky<\/a>.<\/li>\n<\/ul>\n<\/li>\n<\/ul>\n<p>Jesli\u010dky na Chropy\u0148sk\u00e9 se nach\u00e1zej\u00ed v bytov\u00e9m dom\u011b s malebnou zahradou. V ka\u017ed\u00e9m pat\u0159e je situov\u00e1n jeden byt, ve kter\u00e9m s ch\u016fvi\u010dkou pob\u00fdvaj\u00ed 4 d\u011bti (nejmen\u0161\u00ed d\u011bti).<\/p>\n<p>Provoz na Vrchlick\u00e9ho ulici je situov\u00e1n v kr\u00e1sn\u00e9 prvorepublikov\u00e9 vile, kde v ka\u017ed\u00e9m pat\u0159e pe\u010duje jedna ch\u016fvi\u010dka&nbsp; o 6 d\u011bt\u00ed (star\u0161\u00ed d\u011bti &#8211; cca 2 roky +).<\/p>\n<p>V\u0161echny prostory jesl\u00ed jsou p\u0159izp\u016fsobeny pot\u0159eb\u00e1m d\u011bt\u00ed. D\u016fraz je kladen na bezpe\u010dnost, prakti\u010dnost. D\u011bti sv\u016fj \u010das tr\u00e1v\u00ed nejen v prostor\u00e1ch jesl\u00ed, ale i na zahrad\u011b, na m\u011bstsk\u00fdch h\u0159i\u0161t\u00edch, v parc\u00edch a sportovi\u0161t\u00edch.<\/p>\n<p><strong>Fotografie ze zahrady:<\/strong><\/p>\n<p><img loading=\"lazy\" decoding=\"async\" class=\"wp-image-411 aligncenter\" src=\"http:\/\/www.prokromeriz.cz\/wp-content\/uploads\/2017\/04\/lentomlowres-37-Edit.jpg\" alt=\"\" width=\"400\" height=\"267\"><\/p>\n<p><img loading=\"lazy\" decoding=\"async\" class=\"aligncenter wp-image-419\" src=\"http:\/\/www.prokromeriz.cz\/wp-content\/uploads\/2017\/04\/lentomlowres-57-Edit.jpg\" alt=\"\" width=\"400\" height=\"267\"><\/p>\n<p><img loading=\"lazy\" decoding=\"async\" class=\"wp-image-416 aligncenter\" src=\"http:\/\/www.prokromeriz.cz\/wp-content\/uploads\/2017\/04\/lentomlowres-51-Edit.jpg\" alt=\"\" width=\"400\" height=\"267\"><\/p>\n<p><img loading=\"lazy\" decoding=\"async\" class=\"aligncenter wp-image-413\" src=\"http:\/\/www.prokromeriz.cz\/wp-content\/uploads\/2017\/04\/lentomlowres-43-Edit.jpg\" alt=\"\" width=\"400\" height=\"267\"><\/p>\n<p><img loading=\"lazy\" decoding=\"async\" class=\"wp-image-414 aligncenter\" src=\"http:\/\/www.prokromeriz.cz\/wp-content\/uploads\/2017\/04\/lentomlowres-47-Edit-1.jpg\" alt=\"\" width=\"400\" height=\"267\"><\/p>\n<p><img loading=\"lazy\" decoding=\"async\" class=\"aligncenter wp-image-415\" src=\"http:\/\/www.prokromeriz.cz\/wp-content\/uploads\/2017\/04\/lentomlowres-49-Edit.jpg\" alt=\"\" width=\"400\" height=\"267\"><\/p>\n","protected":false},"excerpt":{"rendered":"<p>Jesli\u010dky se nach\u00e1z\u00ed ve dvou provozech. Prvn\u00edm je bytov\u00fd d\u016fm na Chropy\u0148sk\u00e9 ulici (kousek od n\u00e1dra\u017e\u00ed); odd\u011blen\u00ed Ko\u0165\u00e1tka; Ku\u0159\u00e1tka; \u0160t\u011b\u0148\u00e1tka. Druh\u00fdm je vila na Vrchlick\u00e9ho ulici (vedle knihovny); odd\u011blen\u00ed My\u0161i\u010dky; \u017dabi\u010dky. Jesli\u010dky na Chropy\u0148sk\u00e9 se nach\u00e1zej\u00ed v bytov\u00e9m dom\u011b s malebnou zahradou. V ka\u017ed\u00e9m pat\u0159e je situov\u00e1n jeden byt, ve kter\u00e9m s ch\u016fvi\u010dkou pob\u00fdvaj\u00ed 4 &hellip; <\/p>\n<p class=\"link-more\"><a href=\"https:\/\/www.jeslicky.com\/index.php\/oddeleni-jesli\/\" class=\"more-link\">Pokra\u010dovat ve \u010dten\u00ed<span class=\"screen-reader-text\"> &#8222;Jesle v Krom\u011b\u0159\u00ed\u017ei&#8220;<\/span><\/a><\/p>\n","protected":false},"author":1,"featured_media":0,"parent":0,"menu_order":0,"comment_status":"closed","ping_status":"closed","template":"","meta":{"footnotes":""},"class_list":["post-369","page","type-page","status-publish","hentry"],"_links":{"self":[{"href":"https:\/\/www.jeslicky.com\/index.php\/wp-json\/wp\/v2\/pages\/369","targetHints":{"allow":["GET"]}}],"collection":[{"href":"https:\/\/www.jeslicky.com\/index.php\/wp-json\/wp\/v2\/pages"}],"about":[{"href":"https:\/\/www.jeslicky.com\/index.php\/wp-json\/wp\/v2\/types\/page"}],"author":[{"embeddable":true,"href":"https:\/\/www.jeslicky.com\/index.php\/wp-json\/wp\/v2\/users\/1"}],"replies":[{"embeddable":true,"href":"https:\/\/www.jeslicky.com\/index.php\/wp-json\/wp\/v2\/comments?post=369"}],"version-history":[{"count":19,"href":"https:\/\/www.jeslicky.com\/index.php\/wp-json\/wp\/v2\/pages\/369\/revisions"}],"predecessor-version":[{"id":886,"href":"https:\/\/www.jeslicky.com\/index.php\/wp-json\/wp\/v2\/pages\/369\/revisions\/886"}],"wp:attachment":[{"href":"https:\/\/www.jeslicky.com\/index.php\/wp-json\/wp\/v2\/media?parent=369"}],"curies":[{"name":"wp","href":"https:\/\/api.w.org\/{rel}","templated":true}]}}