{"id":44,"date":"2017-04-28T20:18:49","date_gmt":"2017-04-28T18:18:49","guid":{"rendered":"http:\/\/www.prokromeriz.cz\/?page_id=44"},"modified":"2025-10-07T20:53:08","modified_gmt":"2025-10-07T18:53:08","slug":"jesle","status":"publish","type":"page","link":"https:\/\/www.jeslicky.com\/index.php\/home\/jesle\/","title":{"rendered":"jesle"},"content":{"rendered":"\n<h2 class=\"wp-block-heading\">Na\u0161e filozofie a ka\u017edodenn\u00ed p\u00e9\u010de<\/h2>\n\n\n\n<p><strong data-start=\"216\" data-end=\"271\">Pr\u00e1ce v jesl\u00edch stoj\u00ed na t\u0159ech z\u00e1kladn\u00edch pil\u00ed\u0159\u00edch:<\/strong><\/p>\n\n\n\n<ul class=\"wp-block-list\">\n<li><p data-start=\"275\" data-end=\"349\"><strong data-start=\"275\" data-end=\"304\">Vz\u00e1jemn\u00e1 d\u016fv\u011bra a respekt<\/strong> mezi d\u00edt\u011btem, rodi\u010di a pe\u010duj\u00edc\u00edmi osobami.<\/p><\/li>\n\n\n\n<li><p data-start=\"352\" data-end=\"462\"><strong data-start=\"352\" data-end=\"392\">Profesionalita a otev\u0159en\u00e1 komunikace<\/strong> \u2013 odborn\u00e1 p\u00e9\u010de, promy\u0161len\u00fd v\u00fdchovn\u00fd p\u0159\u00edstup, pl\u00e1nov\u00e1n\u00ed a hodnocen\u00ed.<\/p><\/li>\n\n\n\n<li><p data-start=\"465\" data-end=\"532\"><strong data-start=\"465\" data-end=\"478\">Tolerance<\/strong>, kter\u00e1 vych\u00e1z\u00ed z lidskosti, up\u0159\u00edmnosti a otev\u0159enosti.<\/p><\/li>\n<\/ul>\n\n\n\n<hr class=\"wp-block-separator has-alpha-channel-opacity\"\/>\n\n\n\n<h2 class=\"wp-block-heading\">Co nab\u00edz\u00edme<\/h2>\n\n\n<div class=\"wp-block-image\">\n<figure class=\"alignright is-resized\"><img loading=\"lazy\" decoding=\"async\" width=\"1367\" height=\"2048\" src=\"http:\/\/www.prokromeriz.cz\/wp-content\/uploads\/2017\/04\/lentomlowres-89-Edit.jpg\" alt=\"\" class=\"wp-image-397\" style=\"width:177px;height:auto\"\/><\/figure><\/div>\n\n\n<p><strong data-start=\"216\" data-end=\"271\"><\/strong>Na\u0161\u00edm c\u00edlem je poskytovat <strong data-start=\"581\" data-end=\"609\">laskavou a kvalitn\u00ed p\u00e9\u010di<\/strong>, kter\u00e1 podporuje p\u0159irozen\u00fd rozvoj d\u00edt\u011bte a z\u00e1rove\u0148 navazuje na v\u00fdchovu v rodin\u011b. Pom\u00e1h\u00e1 n\u00e1m v tom <strong data-start=\"708\" data-end=\"734\">Pl\u00e1n individu\u00e1ln\u00ed p\u00e9\u010de<\/strong> \u2013 dokument, kter\u00fd zohled\u0148uje pot\u0159eby d\u00edt\u011bte i jeho rodiny a propojuje je s ka\u017edodenn\u00ed prax\u00ed ch\u016fvy.<\/p>\n\n\n\n<p>P\u00e9\u010de prob\u00edh\u00e1 v <strong data-start=\"850\" data-end=\"881\">mal\u00fdch, klidn\u00fdch skupink\u00e1ch<\/strong>:<\/p>\n\n\n\n<ul class=\"wp-block-list\">\n<li><p data-start=\"886\" data-end=\"976\"><strong data-start=\"886\" data-end=\"932\">V ka\u017ed\u00e9 skupince jsou maxim\u00e1ln\u011b \u010dty\u0159i d\u011bti<\/strong>, o kter\u00e9 pe\u010duje <strong data-start=\"949\" data-end=\"973\">jedna stabiln\u00ed ch\u016fva<\/strong>.<\/p><\/li>\n\n\n\n<li><p data-start=\"979\" data-end=\"1096\">V p\u0159\u00edpad\u011b pot\u0159eby ji kr\u00e1tkodob\u011b zastupuje <strong data-start=\"1021\" data-end=\"1038\">pomocn\u00e1 ch\u016fva<\/strong>, kter\u00e1 d\u011bti dob\u0159e zn\u00e1 a plynule nav\u00e1\u017ee na zaveden\u00fd re\u017eim.<\/p><\/li>\n<\/ul>\n\n\n\n<h3 class=\"wp-block-heading\">Denn\u00ed re\u017eim<\/h3>\n\n\n\n<h6 class=\"wp-block-heading\"><strong><figure><img loading=\"lazy\" decoding=\"async\" class=\"wp-image-399 alignleft\" src=\"http:\/\/www.prokromeriz.cz\/wp-content\/uploads\/2017\/04\/lentomlowres-47-Edit.jpg\" alt=\"\" width=\"330\" height=\"220\"><\/figure><\/strong><\/h6>\n\n\n\n<p>Denn\u00ed program je vytvo\u0159en tak, aby respektoval <strong data-start=\"1162\" data-end=\"1186\">individu\u00e1ln\u00ed pot\u0159eby<\/strong> d\u011bt\u00ed, nab\u00edzel dostatek podn\u011bt\u016f a z\u00e1rove\u0148 umo\u017enil klidn\u00fd odpo\u010dinek. Od \u00fatl\u00e9ho v\u011bku vedeme d\u011bti k <strong data-start=\"1283\" data-end=\"1319\">z\u00e1sad\u00e1m zdrav\u00e9ho \u017eivotn\u00edho stylu<\/strong> \u2013 ka\u017ed\u00fd den tr\u00e1v\u00edme \u010das <strong data-start=\"1344\" data-end=\"1367\">na \u010derstv\u00e9m vzduchu<\/strong>, v parc\u00edch nebo na h\u0159i\u0161t\u00edch. Samoz\u0159ejmost\u00ed je <strong data-start=\"1414\" data-end=\"1454\">d\u016fraz na bezpe\u010dnost a prevenci \u00faraz\u016f<\/strong>.<\/p>\n\n\n\n<p>Jesle <strong data-start=\"1463\" data-end=\"1485\">nenahrazuj\u00ed rodinu<\/strong> \u2013 dopl\u0148uj\u00ed ji. Spolupracujeme s rodi\u010di, naslouch\u00e1me jim a usilujeme o <strong data-start=\"1556\" data-end=\"1598\">vz\u00e1jemn\u00e9 porozum\u011bn\u00ed a n\u00e1vaznost v p\u00e9\u010di<\/strong>.<\/p>\n\n\n\n<hr class=\"wp-block-separator has-alpha-channel-opacity\"\/>\n\n\n\n<h2 class=\"wp-block-heading\">Kdo o d\u011bti pe\u010duje<\/h2>\n\n\n\n<p>O d\u011bti pe\u010duje t\u00fdm <strong data-start=\"1646\" data-end=\"1678\">zku\u0161en\u00fdch a empatick\u00fdch ch\u016fv<\/strong>, kter\u00e9 spojuje nejen odborn\u00e9 vzd\u011bl\u00e1n\u00ed v oblasti soci\u00e1ln\u00ed \u010di zdravotn\u00ed, ale p\u0159edev\u0161\u00edm <strong data-start=\"1764\" data-end=\"1821\">osobn\u00ed zralost, laskavost a bohat\u00e9 \u017eivotn\u00ed zku\u0161enosti<\/strong>. V\u011b\u0159\u00edme, \u017ee pr\u00e1v\u011b <strong data-start=\"1840\" data-end=\"1870\">lidsk\u00fd p\u0159\u00edstup a stabilita<\/strong> jsou kl\u00ed\u010dem ke spokojenosti d\u00edt\u011bte.<\/p>\n\n\n\n<hr class=\"wp-block-separator has-alpha-channel-opacity\"\/>\n\n\n\n<h2 class=\"wp-block-heading\">Provozn\u00ed doba<\/h2>\n\n\n\n<p>\ud83d\udd57 <strong data-start=\"1934\" data-end=\"1980\">Ka\u017ed\u00fd pracovn\u00ed den od 7:00 do 15:30 hodin.<\/strong><\/p>\n\n\n\n<hr class=\"wp-block-separator has-alpha-channel-opacity\"\/>\n\n\n\n<h2 class=\"wp-block-heading\">Pro koho jsou jesle ur\u010deny<\/h2>\n\n\n\n<p>Jesle jsou ur\u010deny d\u011btem, jejich\u017e <strong data-start=\"2051\" data-end=\"2098\">oba rodi\u010de spadaj\u00ed do jedn\u00e9 z t\u011bchto skupin<\/strong>:<\/p>\n\n\n\n<ul class=\"wp-block-list\">\n<li><p data-start=\"2103\" data-end=\"2140\">zam\u011bstnan\u00ed nebo podnikaj\u00edc\u00ed (OSV\u010c),<\/p><\/li>\n\n\n\n<li><p data-start=\"2143\" data-end=\"2185\">nezam\u011bstnan\u00ed a evidovan\u00ed na \u00da\u0159adu pr\u00e1ce,<\/p><\/li>\n\n\n\n<li><p data-start=\"2188\" data-end=\"2250\">studuj\u00edc\u00ed (prezen\u010dn\u011b\/d\u00e1lkov\u011b) nebo \u00fa\u010dastn\u00edc\u00ed se rekvalifikace.<\/p><\/li>\n<\/ul>\n\n\n\n<p>Na <strong data-start=\"2255\" data-end=\"2277\">m\u00edru samostatnosti<\/strong> v oblasti hygieny, obl\u00e9k\u00e1n\u00ed nebo stravov\u00e1n\u00ed p\u0159i p\u0159ijet\u00ed nehled\u00edme. Naopak \u2013 na snahu rodi\u010d\u016f vedouc\u00ed k samostatnosti <strong data-start=\"2394\" data-end=\"2416\">citliv\u011b navazujeme<\/strong> v ka\u017edodenn\u00ed praxi.<\/p>\n\n\n\n<hr class=\"wp-block-separator has-alpha-channel-opacity\"\/>\n\n\n\n<h2 class=\"wp-block-heading\">Stravov\u00e1n\u00ed<\/h2>\n\n\n\n<p>Strava je zaji\u0161\u0165ov\u00e1na extern\u00edm dodavatelem a hrazena dle po\u010dtu odebran\u00fdch j\u00eddel za m\u011bs\u00edc.<br>Cena stravy \u010din\u00ed <strong>100 K\u010d za den<\/strong>.<br>Ve\u0161ker\u00e9 p\u0159\u00edjmy od rodi\u010d\u016f jsou v pln\u00e9 v\u00fd\u0161i p\u0159ed\u00e1v\u00e1ny poskytovatel\u016fm stravy \u2013 jesle z t\u011bchto prost\u0159edk\u016f negeneruj\u00ed \u017e\u00e1dn\u00fd zisk.<\/p>\n\n\n\n<hr class=\"wp-block-separator has-alpha-channel-opacity\"\/>\n\n\n\n<h2 class=\"wp-block-heading\">Cena a doch\u00e1zka<\/h2>\n\n\n\n<p>V\u00fd\u0161e m\u011bs\u00ed\u010dn\u00edho p\u0159\u00edsp\u011bvku za p\u00e9\u010di v jesl\u00edch se odv\u00edj\u00ed od rozsahu doch\u00e1zky d\u00edt\u011bte:<\/p>\n\n\n\n<ul class=\"wp-block-list\">\n<li><strong>Pln\u00e1 doch\u00e1zka (5 dn\u00ed v t\u00fddnu)<\/strong>: <strong>6 500 K\u010d \/ m\u011bs\u00edc<\/strong><\/li>\n\n\n\n<li><strong>Zkr\u00e1cen\u00e1 doch\u00e1zka<\/strong> (2 nebo 3 dny v t\u00fddnu): cena se <strong>\u00fam\u011brn\u011b sni\u017euje<\/strong> podle po\u010dtu doch\u00e1zkov\u00fdch dn\u016f.<\/li>\n<\/ul>\n\n\n\n<p>Cenu slu\u017eby jsme nastavili tak, aby umo\u017e\u0148ovala zachovat vysok\u00fd standard p\u00e9\u010de, individu\u00e1ln\u00ed p\u0159\u00edstup a stabiln\u00ed person\u00e1l.<\/p>\n\n\n\n<p>V\u00edce o tom, pro\u010d stoj\u00ed na\u0161e jesle pr\u00e1v\u011b 6 500 K\u010d m\u011bs\u00ed\u010dn\u011b, si m\u016f\u017eete p\u0159e\u010d\u00edst v \u010dl\u00e1nku \ud83d\udc49<br><strong><a href=\"https:\/\/www.prokromeriz.cz\/index.php\/2025\/10\/07\/proc-stoji-nase-jesle-6-500-kc-mesicne\/\" data-type=\"page\" data-id=\"951\">Pro\u010d stoj\u00ed na\u0161e jesle 6 500 K\u010d m\u011bs\u00ed\u010dn\u011b?<\/a><\/strong><\/p>\n","protected":false},"excerpt":{"rendered":"<p>Na\u0161e filozofie a ka\u017edodenn\u00ed p\u00e9\u010de Pr\u00e1ce v jesl\u00edch stoj\u00ed na t\u0159ech z\u00e1kladn\u00edch pil\u00ed\u0159\u00edch: Co nab\u00edz\u00edme Na\u0161\u00edm c\u00edlem je poskytovat laskavou a kvalitn\u00ed p\u00e9\u010di, kter\u00e1 podporuje p\u0159irozen\u00fd rozvoj d\u00edt\u011bte a z\u00e1rove\u0148 navazuje na v\u00fdchovu v rodin\u011b. Pom\u00e1h\u00e1 n\u00e1m v tom Pl\u00e1n individu\u00e1ln\u00ed p\u00e9\u010de \u2013 dokument, kter\u00fd zohled\u0148uje pot\u0159eby d\u00edt\u011bte i jeho rodiny a propojuje je s &hellip; <\/p>\n<p class=\"link-more\"><a href=\"https:\/\/www.jeslicky.com\/index.php\/home\/jesle\/\" class=\"more-link\">Pokra\u010dovat ve \u010dten\u00ed<span class=\"screen-reader-text\"> &#8222;jesle&#8220;<\/span><\/a><\/p>\n","protected":false},"author":1,"featured_media":0,"parent":10,"menu_order":0,"comment_status":"closed","ping_status":"closed","template":"","meta":{"footnotes":""},"class_list":["post-44","page","type-page","status-publish","hentry"],"_links":{"self":[{"href":"https:\/\/www.jeslicky.com\/index.php\/wp-json\/wp\/v2\/pages\/44","targetHints":{"allow":["GET"]}}],"collection":[{"href":"https:\/\/www.jeslicky.com\/index.php\/wp-json\/wp\/v2\/pages"}],"about":[{"href":"https:\/\/www.jeslicky.com\/index.php\/wp-json\/wp\/v2\/types\/page"}],"author":[{"embeddable":true,"href":"https:\/\/www.jeslicky.com\/index.php\/wp-json\/wp\/v2\/users\/1"}],"replies":[{"embeddable":true,"href":"https:\/\/www.jeslicky.com\/index.php\/wp-json\/wp\/v2\/comments?post=44"}],"version-history":[{"count":58,"href":"https:\/\/www.jeslicky.com\/index.php\/wp-json\/wp\/v2\/pages\/44\/revisions"}],"predecessor-version":[{"id":974,"href":"https:\/\/www.jeslicky.com\/index.php\/wp-json\/wp\/v2\/pages\/44\/revisions\/974"}],"up":[{"embeddable":true,"href":"https:\/\/www.jeslicky.com\/index.php\/wp-json\/wp\/v2\/pages\/10"}],"wp:attachment":[{"href":"https:\/\/www.jeslicky.com\/index.php\/wp-json\/wp\/v2\/media?parent=44"}],"curies":[{"name":"wp","href":"https:\/\/api.w.org\/{rel}","templated":true}]}}