{"id":542,"date":"2018-02-03T11:47:36","date_gmt":"2018-02-03T10:47:36","guid":{"rendered":"http:\/\/www.prokromeriz.cz\/?page_id=542"},"modified":"2018-04-30T16:44:12","modified_gmt":"2018-04-30T14:44:12","slug":"kurz-chuva-pro-deti-do-zahajeni-povinne-skolni-dochazky","status":"publish","type":"page","link":"https:\/\/www.jeslicky.com\/index.php\/kurz-chuva-pro-deti-do-zahajeni-povinne-skolni-dochazky\/","title":{"rendered":"Kurz Ch\u016fva pro d\u011bti do zah\u00e1jen\u00ed povinn\u00e9 \u0161koln\u00ed doch\u00e1zky"},"content":{"rendered":"<p><img loading=\"lazy\" decoding=\"async\" class=\"alignright wp-image-87\" src=\"http:\/\/www.prokromeriz.cz\/wp-content\/uploads\/2017\/04\/billionphotos-2569281.jpg\" alt=\"\" width=\"300\" height=\"200\" \/>Rekvalifika\u010dn\u00ed program p\u0159iprav\u00ed \u00fa\u010dastn\u00edky na \u00fasp\u011b\u0161n\u00e9 vykon\u00e1n\u00ed zkou\u0161ky\u00a0\u00a0podle z\u00e1kona \u00a0\u00a0 \u010d.\u00a0 179\/2006 Sb. pro z\u00edsk\u00e1n\u00ed profesn\u00ed kvalifikace Ch\u016fva pro d\u011bti do zah\u00e1jen\u00ed povinn\u00e9 \u0161koln\u00ed doch\u00e1zky (69-017-M) a\u00a0na \u00fasp\u011b\u0161n\u00fd v\u00fdkon zvolen\u00e9 profesn\u00ed kvalifikace.<\/p>\n<p><strong>Zah\u00e1jen\u00ed kurzu<\/strong>: z\u00e1\u0159\u00ed 2018\u00a0 (setk\u00e1n\u00ed budou realizov\u00e1na v p\u00e1tek od 12,30 \u2013 19,00 hod. a v sobotu 8,00 \u2013 16,30 hod. v\u017edy 1 \u2013 2x m\u011bs\u00ed\u010dn\u011b)<\/p>\n<p><strong>P\u0159edpokl\u00e1dan\u00e9 ukon\u010den\u00ed kurzu<\/strong>: b\u0159ezen 2019<\/p>\n<p><strong>Rozsah kurzu<\/strong>: 160 hodin (112 hodin teorie + 48 hodin praxe)<\/p>\n<p><strong>M\u00edsto realizace kurzu:<\/strong><\/p>\n<ul>\n<li><em>teorie<\/em>: prostory jesl\u00ed v Krom\u011b\u0159\u00ed\u017ei na Chropy\u0148sk\u00e9 ulici<\/li>\n<li><em>praxe<\/em>: \u00fa\u010dastn\u00edci maj\u00ed mo\u017enost z\u00edskat praxi bu\u010f v m\u00edst\u011b sv\u00e9ho bydli\u0161t\u011b v za\u0159\u00edzen\u00ed, kter\u00e9 si sami vyberou (\u00fa\u010dastn\u00edk pouze dolo\u017e\u00ed, \u017ee praxe byla realizov\u00e1na), pop\u0159\u00edpad\u011b m\u00e1 ka\u017ed\u00fd \u00fa\u010dastn\u00edk mo\u017enost naplnit podm\u00ednky praxe v jesl\u00edch v Krom\u011b\u0159\u00ed\u017ei<\/li>\n<\/ul>\n<p><strong>Podm\u00ednky p\u0159ijet\u00ed do kurzu:\u00a0<\/strong><\/p>\n<ul>\n<li>v\u011bk minim\u00e1ln\u011b 18 let,<\/li>\n<li>dobr\u00e1 v\u00fdslovnost bez logopedick\u00fdch vad \u2013 potvrzen\u00ed klinick\u00e9ho logopeda,<\/li>\n<li>l\u00e9ka\u0159sk\u00fd posudek o zdravotn\u00ed zp\u016fsobilosti.<\/li>\n<\/ul>\n<p>&nbsp;<\/p>\n<ul>\n<li><strong>Pracovn\u00ed mo\u017enosti absolventa:<\/strong><\/li>\n<li>Dodr\u017eov\u00e1n\u00ed etick\u00fdch princip\u016f p\u0159i pr\u00e1ci ch\u016fvy a veden\u00ed d\u00edt\u011bte k mor\u00e1ln\u00edm hodnot\u00e1m.<\/li>\n<li>Dodr\u017eov\u00e1n\u00ed provozn\u00edch a hygienick\u00fdch pravidel p\u0159i pr\u00e1ci s d\u011btmi.<\/li>\n<li>Dodr\u017eov\u00e1n\u00ed z\u00e1sad prevence \u00faraz\u016f a bezpe\u010dnosti.<\/li>\n<li>Jednor\u00e1zov\u00e9 a pravideln\u00e9 hl\u00edd\u00e1n\u00ed d\u011bt\u00ed v dom\u00e1cnosti klienta.<\/li>\n<li>Jednor\u00e1zov\u00e9 a pravideln\u00e9 hl\u00edd\u00e1n\u00ed d\u011bt\u00ed ve sv\u00e9 dom\u00e1cnosti.<\/li>\n<li>Orientace v pracovn\u011b pr\u00e1vn\u00edch vztaz\u00edch uplatniteln\u00fdch v profesn\u00edm \u017eivot\u011b ch\u016fvy.<\/li>\n<li>P\u00e9\u010de o b\u011b\u017en\u011b nemocn\u00e9 d\u00edt\u011b v dom\u00e1c\u00edm o\u0161et\u0159ov\u00e1n\u00ed.<\/li>\n<li>Poskytov\u00e1n\u00ed prvn\u00ed pomoci p\u0159i \u00farazech a poran\u011bn\u00ed d\u00edt\u011bte.<\/li>\n<li>\u0158e\u0161en\u00ed nep\u0159\u00edzniv\u00fdch v\u00fdchovn\u00fdch situac\u00ed z pedagogicko-psychologick\u00e9ho hlediska.<\/li>\n<li>Uplat\u0148ov\u00e1n\u00ed metod a forem pedagogick\u00e9 pr\u00e1ce s ohledem na v\u011bk d\u00edt\u011bte.<\/li>\n<li>Uveden\u00ed z\u00e1sad spr\u00e1vn\u00e9ho \u017eivotn\u00edho stylu podle v\u011bku d\u00edt\u011bte.<\/li>\n<li>Veden\u00ed d\u00edt\u011bte k hygienick\u00fdm n\u00e1vyk\u016fm.<\/li>\n<\/ul>\n<p><strong>Kurzovn\u00e9<\/strong>: 13.900,- (cena zahrnuje v\u00fduku i<strong>\u00a0<\/strong>zkou\u0161ku profesn\u00ed kvalifikace p\u0159ed autorizovanou osobou, ukon\u010dena vyd\u00e1n\u00edm\u00a0 Osv\u011bd\u010den\u00ed o\u00a0z\u00edsk\u00e1n\u00ed profesn\u00ed kvalifikace).<\/p>\n<p><strong>Uz\u00e1v\u011brka p\u0159ihl\u00e1\u0161ek<\/strong>: 15.8.2018<\/p>\n<p><strong>Kontaktn\u00ed osoba<\/strong>: MgA. et Mgr. Lenka Tomm \u2013 lenka.tomm@gmail.com<\/p>\n<h4><strong>v\u00edce na www.prokromeriz.cz<\/strong><\/h4>\n<p><a href=\"https:\/\/goo.gl\/forms\/Fs0r7hRufUwJni1r2\" data-slimstat=\"5\"><strong><em>V p\u0159\u00edpad\u011b z\u00e1jmu o \u00fa\u010dast v kurzu pros\u00edm vypl\u0148te kr\u00e1tk\u00fd formul\u00e1\u0159 a budeme V\u00e1s bude obratem kontaktovat.\u00a0<\/em><\/strong><\/a><\/p>\n","protected":false},"excerpt":{"rendered":"<p>Rekvalifika\u010dn\u00ed program p\u0159iprav\u00ed \u00fa\u010dastn\u00edky na \u00fasp\u011b\u0161n\u00e9 vykon\u00e1n\u00ed zkou\u0161ky\u00a0\u00a0podle z\u00e1kona \u00a0\u00a0 \u010d.\u00a0 179\/2006 Sb. pro z\u00edsk\u00e1n\u00ed profesn\u00ed kvalifikace Ch\u016fva pro d\u011bti do zah\u00e1jen\u00ed povinn\u00e9 \u0161koln\u00ed doch\u00e1zky (69-017-M) a\u00a0na \u00fasp\u011b\u0161n\u00fd v\u00fdkon zvolen\u00e9 profesn\u00ed kvalifikace. Zah\u00e1jen\u00ed kurzu: z\u00e1\u0159\u00ed 2018\u00a0 (setk\u00e1n\u00ed budou realizov\u00e1na v p\u00e1tek od 12,30 \u2013 19,00 hod. a v sobotu 8,00 \u2013 16,30 hod. v\u017edy 1 &hellip; <\/p>\n<p class=\"link-more\"><a href=\"https:\/\/www.jeslicky.com\/index.php\/kurz-chuva-pro-deti-do-zahajeni-povinne-skolni-dochazky\/\" class=\"more-link\">Pokra\u010dovat ve \u010dten\u00ed<span class=\"screen-reader-text\"> &#8222;Kurz Ch\u016fva pro d\u011bti do zah\u00e1jen\u00ed povinn\u00e9 \u0161koln\u00ed doch\u00e1zky&#8220;<\/span><\/a><\/p>\n","protected":false},"author":1,"featured_media":0,"parent":0,"menu_order":0,"comment_status":"closed","ping_status":"closed","template":"","meta":{"footnotes":""},"class_list":["post-542","page","type-page","status-publish","hentry"],"_links":{"self":[{"href":"https:\/\/www.jeslicky.com\/index.php\/wp-json\/wp\/v2\/pages\/542","targetHints":{"allow":["GET"]}}],"collection":[{"href":"https:\/\/www.jeslicky.com\/index.php\/wp-json\/wp\/v2\/pages"}],"about":[{"href":"https:\/\/www.jeslicky.com\/index.php\/wp-json\/wp\/v2\/types\/page"}],"author":[{"embeddable":true,"href":"https:\/\/www.jeslicky.com\/index.php\/wp-json\/wp\/v2\/users\/1"}],"replies":[{"embeddable":true,"href":"https:\/\/www.jeslicky.com\/index.php\/wp-json\/wp\/v2\/comments?post=542"}],"version-history":[{"count":10,"href":"https:\/\/www.jeslicky.com\/index.php\/wp-json\/wp\/v2\/pages\/542\/revisions"}],"predecessor-version":[{"id":591,"href":"https:\/\/www.jeslicky.com\/index.php\/wp-json\/wp\/v2\/pages\/542\/revisions\/591"}],"wp:attachment":[{"href":"https:\/\/www.jeslicky.com\/index.php\/wp-json\/wp\/v2\/media?parent=542"}],"curies":[{"name":"wp","href":"https:\/\/api.w.org\/{rel}","templated":true}]}}