{"id":74,"date":"2017-04-28T21:05:34","date_gmt":"2017-04-28T19:05:34","guid":{"rendered":"http:\/\/www.prokromeriz.cz\/?page_id=74"},"modified":"2025-09-03T08:53:29","modified_gmt":"2025-09-03T06:53:29","slug":"zapis-do-jesli","status":"publish","type":"page","link":"https:\/\/www.jeslicky.com\/index.php\/zapis-do-jesli\/","title":{"rendered":"P\u0159ijet\u00ed d\u00edt\u011bte do jesl\u00ed"},"content":{"rendered":"<h2 data-start=\"107\" data-end=\"136\">Informace k p\u0159ijet\u00ed d\u00edt\u011bte<\/h2>\n<h3 data-start=\"87\" data-end=\"114\">Zl\u00edn \u2013 voln\u00e1 kapacita<\/h3>\n<p data-start=\"115\" data-end=\"351\">Zl\u00ednsk\u00e9 jesle v lokalit\u011b Kostelec ji\u017e zah\u00e1jily provoz a st\u00e1le maj\u00ed voln\u00e1 m\u00edsta k dispozici. Pokud hled\u00e1te kvalitn\u00ed a individu\u00e1ln\u00ed p\u00e9\u010di v dom\u00e1c\u00edm prost\u0159ed\u00ed, nev\u00e1hejte se ozvat \u2013 r\u00e1di v\u00e1m poskytneme bli\u017e\u0161\u00ed informace a za\u0161leme p\u0159ihl\u00e1\u0161ku.<\/p>\n<h3 data-start=\"353\" data-end=\"386\">Krom\u011b\u0159\u00ed\u017e \u2013 omezen\u00e1 voln\u00e1 kapacita<\/h3>\n<p data-start=\"387\" data-end=\"659\">Kapacita krom\u011b\u0159\u00ed\u017esk\u00fdch jesl\u00ed je omezena na 24 m\u00edst. P\u0159esto\u017ee b\u00fdv\u00e1 v\u011bt\u0161inu roku zcela napln\u011bna, aktu\u00e1ln\u011b m\u00e1me omezenou volnou kapacitu. Nov\u00e1 m\u00edsta se zpravidla uvol\u0148uj\u00ed od z\u00e1\u0159\u00ed, kdy n\u011bkter\u00e9 d\u011bti p\u0159ech\u00e1zej\u00ed do mate\u0159sk\u00fdch \u0161kol nebo d\u011btsk\u00fdch skupin ur\u010den\u00fdch pro star\u0161\u00ed d\u011bti.<\/p>\n<h2 data-start=\"267\" data-end=\"305\"><img loading=\"lazy\" decoding=\"async\" class=\"wp-image-406 alignright\" src=\"http:\/\/www.prokromeriz.cz\/wp-content\/uploads\/2017\/04\/lentomlowres-14-Edit.jpg\" alt=\"\" width=\"212\" height=\"318\" \/><\/h2>\n<p data-start=\"374\" data-end=\"633\">Pokud zva\u017eujete um\u00edst\u011bn\u00ed sv\u00e9ho d\u00edt\u011bte do jesl\u00ed, doporu\u010dujeme kontaktovat \u0159editelku co nejd\u0159\u00edve. R\u00e1da s v\u00e1mi projde ve\u0161ker\u00e9 informace a p\u0159ijme va\u0161i p\u0159ihl\u00e1\u0161ku. D\u011bti jsou p\u0159ij\u00edm\u00e1ny <strong data-start=\"566\" data-end=\"599\">dle po\u0159ad\u00ed podan\u00fdch p\u0159ihl\u00e1\u0161ek<\/strong>, a to v\u017edy p\u0159i uvoln\u011bn\u00ed kapacity.<\/p>\n<p data-start=\"635\" data-end=\"744\">\ud83d\udce5 <strong data-start=\"638\" data-end=\"711\">P\u0159ihl\u00e1\u0161ku doporu\u010dujeme podat ide\u00e1ln\u011b ji\u017e na po\u010d\u00e1tku kalend\u00e1\u0159n\u00edho roku<\/strong>, pokud pl\u00e1nujete n\u00e1stup od z\u00e1\u0159\u00ed.<\/p>\n<hr data-start=\"746\" data-end=\"749\" \/>\n<p data-start=\"1054\" data-end=\"1148\">\ud83d\udce7 Kontakt: <strong data-start=\"1066\" data-end=\"1088\">Eva Vlachov\u00e1, DiS.<\/strong> \u2013 <a class=\"cursor-pointer\" rel=\"noopener\" data-start=\"1091\" data-end=\"1148\">vlachova@prokromeriz.cz<\/a><\/p>\n<hr data-start=\"951\" data-end=\"954\" \/>\n<h3 data-start=\"956\" data-end=\"983\">Kdo m\u016f\u017ee slu\u017ebu vyu\u017e\u00edt?<\/h3>\n<p data-start=\"985\" data-end=\"1101\">Hlavn\u00ed a nezbytnou podm\u00ednkou p\u0159ijet\u00ed d\u00edt\u011bte do jesl\u00ed je, aby <strong data-start=\"1046\" data-end=\"1100\">oba rodi\u010de pat\u0159ili do jedn\u00e9 z n\u00e1sleduj\u00edc\u00edch skupin<\/strong>:<\/p>\n<ul data-start=\"1103\" data-end=\"1261\">\n<li data-start=\"1103\" data-end=\"1119\">\n<p data-start=\"1105\" data-end=\"1119\">zam\u011bstnanci,<\/p>\n<\/li>\n<li data-start=\"1120\" data-end=\"1164\">\n<p data-start=\"1122\" data-end=\"1164\">osoby samostatn\u011b v\u00fdd\u011ble\u010dn\u011b \u010dinn\u00e9 (OSV\u010c),<\/p>\n<\/li>\n<li data-start=\"1165\" data-end=\"1210\">\n<p data-start=\"1167\" data-end=\"1210\">nezam\u011bstnan\u00ed registrovan\u00ed na \u00da\u0159adu pr\u00e1ce,<\/p>\n<\/li>\n<li data-start=\"1211\" data-end=\"1261\">\n<p data-start=\"1213\" data-end=\"1261\">osoby studuj\u00edc\u00ed nebo \u00fa\u010dastn\u00edc\u00ed se rekvalifikace.<\/p>\n<\/li>\n<\/ul>\n<hr data-start=\"1263\" data-end=\"1266\" \/>\n<h3 data-start=\"1268\" data-end=\"1294\">Co je pot\u0159eba dolo\u017eit?<\/h3>\n<p data-start=\"1296\" data-end=\"1367\">Sou\u010d\u00e1st\u00ed pod\u00e1n\u00ed p\u0159ihl\u00e1\u0161ky je tak\u00e9 <strong data-start=\"1330\" data-end=\"1362\">potvrzen\u00ed od d\u011btsk\u00e9ho l\u00e9ka\u0159e<\/strong>, \u017ee:<\/p>\n<ul data-start=\"1369\" data-end=\"1550\">\n<li data-start=\"1369\" data-end=\"1451\">\n<p data-start=\"1371\" data-end=\"1451\">d\u00edt\u011b absolvovalo v\u0161echna povinn\u00e1 o\u010dkov\u00e1n\u00ed podle o\u010dkovac\u00edho kalend\u00e1\u0159e, <strong data-start=\"1441\" data-end=\"1449\">nebo<\/strong><\/p>\n<\/li>\n<li data-start=\"1452\" data-end=\"1488\">\n<p data-start=\"1454\" data-end=\"1488\">je proti n\u00e1kaze imunn\u00ed, <strong data-start=\"1478\" data-end=\"1486\">nebo<\/strong><\/p>\n<\/li>\n<li data-start=\"1489\" data-end=\"1550\">\n<p data-start=\"1491\" data-end=\"1550\">se nem\u016f\u017ee o\u010dkov\u00e1n\u00ed podrobit z d\u016fvodu trval\u00e9 kontraindikace.<\/p>\n<\/li>\n<\/ul>\n<hr data-start=\"1552\" data-end=\"1555\" \/>\n<p data-start=\"1557\" data-end=\"1650\">M\u00e1te ot\u00e1zky nebo si chcete p\u0159edem domluvit sch\u016fzku?<br data-start=\"1608\" data-end=\"1611\" \/>Nev\u00e1hejte se obr\u00e1tit na na\u0161i \u0159editelku:<\/p>\n<p data-start=\"1652\" data-end=\"1737\"><strong data-start=\"1652\" data-end=\"1674\">Eva Vlachov\u00e1, DiS.<\/strong><br data-start=\"1674\" data-end=\"1677\" \/>\ud83d\udce7 <a class=\"cursor-pointer\" rel=\"noopener\" data-start=\"1680\" data-end=\"1737\">vlachova@prokromeriz.cz<\/a><\/p>\n\n\n<p><\/p>\n","protected":false},"excerpt":{"rendered":"<p>Informace k p\u0159ijet\u00ed d\u00edt\u011bte Zl\u00edn \u2013 voln\u00e1 kapacita Zl\u00ednsk\u00e9 jesle v lokalit\u011b Kostelec ji\u017e zah\u00e1jily provoz a st\u00e1le maj\u00ed voln\u00e1 m\u00edsta k dispozici. Pokud hled\u00e1te kvalitn\u00ed a individu\u00e1ln\u00ed p\u00e9\u010di v dom\u00e1c\u00edm prost\u0159ed\u00ed, nev\u00e1hejte se ozvat \u2013 r\u00e1di v\u00e1m poskytneme bli\u017e\u0161\u00ed informace a za\u0161leme p\u0159ihl\u00e1\u0161ku. Krom\u011b\u0159\u00ed\u017e \u2013 omezen\u00e1 voln\u00e1 kapacita Kapacita krom\u011b\u0159\u00ed\u017esk\u00fdch jesl\u00ed je omezena na &hellip; <\/p>\n<p class=\"link-more\"><a href=\"https:\/\/www.jeslicky.com\/index.php\/zapis-do-jesli\/\" class=\"more-link\">Pokra\u010dovat ve \u010dten\u00ed<span class=\"screen-reader-text\"> &#8222;P\u0159ijet\u00ed d\u00edt\u011bte do jesl\u00ed&#8220;<\/span><\/a><\/p>\n","protected":false},"author":1,"featured_media":0,"parent":0,"menu_order":0,"comment_status":"closed","ping_status":"closed","template":"","meta":{"footnotes":""},"class_list":["post-74","page","type-page","status-publish","hentry"],"_links":{"self":[{"href":"https:\/\/www.jeslicky.com\/index.php\/wp-json\/wp\/v2\/pages\/74","targetHints":{"allow":["GET"]}}],"collection":[{"href":"https:\/\/www.jeslicky.com\/index.php\/wp-json\/wp\/v2\/pages"}],"about":[{"href":"https:\/\/www.jeslicky.com\/index.php\/wp-json\/wp\/v2\/types\/page"}],"author":[{"embeddable":true,"href":"https:\/\/www.jeslicky.com\/index.php\/wp-json\/wp\/v2\/users\/1"}],"replies":[{"embeddable":true,"href":"https:\/\/www.jeslicky.com\/index.php\/wp-json\/wp\/v2\/comments?post=74"}],"version-history":[{"count":66,"href":"https:\/\/www.jeslicky.com\/index.php\/wp-json\/wp\/v2\/pages\/74\/revisions"}],"predecessor-version":[{"id":937,"href":"https:\/\/www.jeslicky.com\/index.php\/wp-json\/wp\/v2\/pages\/74\/revisions\/937"}],"wp:attachment":[{"href":"https:\/\/www.jeslicky.com\/index.php\/wp-json\/wp\/v2\/media?parent=74"}],"curies":[{"name":"wp","href":"https:\/\/api.w.org\/{rel}","templated":true}]}}