{"id":806,"date":"2022-12-13T13:00:34","date_gmt":"2022-12-13T12:00:34","guid":{"rendered":"http:\/\/www.prokromeriz.cz\/?page_id=806"},"modified":"2024-09-03T19:02:45","modified_gmt":"2024-09-03T17:02:45","slug":"rozdilova-profesni-zkouska-chuva","status":"publish","type":"page","link":"https:\/\/www.jeslicky.com\/index.php\/rozdilova-profesni-zkouska-chuva\/","title":{"rendered":"Rozd\u00edlov\u00e1 profesn\u00ed zkou\u0161ka &#8211; Ch\u016fva"},"content":{"rendered":"\n<p> Jsme akreditovan\u00e9 za\u0159\u00edzen\u00ed, kter\u00e9 po\u0159\u00e1d\u00e1 zkou\u0161ku profesn\u00ed kvalifikace  <strong>Ch\u016fva pro d\u011bti v&nbsp;d\u011btsk\u00e9 skupin\u011b<\/strong>&nbsp;<strong>(k\u00f3d 69-073-M)<\/strong>.   <\/p>\n\n\n\n<p>Od 1. 7. 2022 (pro poskytovatele s opr\u00e1vn\u011bn\u00edm vznikl\u00fdm p\u0159ed \u00fa\u010dinnost\u00ed z\u00e1kona a\u017e od 1. 10. 2024) za\u010dala platit nov\u00e1 podm\u00ednka, \u017ee p\u0159i p\u00e9\u010di o d\u011bti v DS bude muset m\u00edt v\u017edy alespo\u0148 jedna z pe\u010duj\u00edc\u00edch osob novou profesn\u00ed kvalifikaci <strong>Ch\u016fva pro d\u011bti v d\u011btsk\u00e9 skupin\u011b<\/strong>. <\/p>\n\n\n\n<p>S ohledem na tuto skute\u010dnost nab\u00edz\u00edme mo\u017enost slo\u017een\u00ed rozd\u00edlov\u00e9 zkou\u0161ky z profesn\u00ed kvalifikace Ch\u016fva pro d\u011bti v d\u011btsk\u00e9 skupin\u011b, jej\u00ed\u017e p\u0159edpokladem je <strong>absolvov\u00e1n\u00ed zkou\u0161ky&nbsp;<\/strong>z profesn\u00ed kvalifikace&nbsp;<strong>Ch\u016fva pro d\u011bti do zah\u00e1jen\u00ed povinn\u00e9 \u0161koln\u00ed doch\u00e1zky<\/strong>. <\/p>\n\n\n\n<p>Oba kvalifika\u010dn\u00ed a hodnotic\u00ed standardy se \u010d\u00e1ste\u010dn\u011b obsahov\u011b p\u0159ekr\u00fdvaj\u00ed, uchaze\u010di o slo\u017een\u00ed zkou\u0161ky PK Ch\u016fva pro d\u011bti v d\u011btsk\u00e9 skupin\u011b, kter\u00fd p\u0159edlo\u017e\u00ed osv\u011bd\u010den\u00ed o absolvov\u00e1n\u00ed zkou\u0161ky PK Ch\u016fva pro d\u011bti do zah\u00e1jen\u00ed povinn\u00e9 \u0161koln\u00ed doch\u00e1zky, je mo\u017en\u00e9 za spln\u011bn\u00ed ur\u010dit\u00fdch podm\u00ednek&nbsp;<strong>uznat shodn\u00e9 \u010d\u00e1sti<\/strong>, tzn. konkr\u00e9tn\u00ed odborn\u00e9 zp\u016fsobilosti\/kompetence,&nbsp;<strong>bez ohledu na to, u kter\u00e9 autorizovan\u00e9 osoby byla d\u0159\u00edve zkou\u0161ka vykon\u00e1na<\/strong>.<\/p>\n\n\n\n<h3 class=\"wp-block-heading\">Uzn\u00e1ny budou tyto kompetence:<\/h3>\n\n\n\n<ul class=\"wp-block-list\"><li>Dodr\u017eov\u00e1n\u00ed z\u00e1sad bezpe\u010dnosti a prevence \u00faraz\u016f<\/li><li>Poskytov\u00e1n\u00ed prvn\u00ed pomoci d\u00edt\u011bti\/d\u011btem<\/li><li>Uplat\u0148ov\u00e1n\u00ed z\u00e1sad zdrav\u00e9ho \u017eivotn\u00edho stylu podle v\u011bku d\u00edt\u011bte<\/li><li>Uplat\u0148ov\u00e1n\u00ed metod a forem pedagogick\u00e9 pr\u00e1ce s ohledem na v\u011bk d\u00edt\u011bte\/d\u011bt\u00ed<\/li><li>Dodr\u017eov\u00e1n\u00ed etick\u00fdch princip\u016f p\u0159i pr\u00e1ci ch\u016fvy a veden\u00ed d\u00edt\u011bte k mor\u00e1ln\u00edm hodnot\u00e1m.<\/li><\/ul>\n\n\n\n<h3 class=\"wp-block-heading\">Zkou\u0161eny budou tyto kompetence:<\/h3>\n\n\n\n<ul class=\"wp-block-list\"><li>Orientace v b\u011b\u017en\u00fdch onemocn\u011bn\u00edch d\u011btsk\u00e9ho v\u011bku, epidemiologii a hygien\u011b<\/li><li>Orientace v somatologii \u010dlov\u011bka se zam\u011b\u0159en\u00edm na d\u011btsk\u00fd v\u011bk<\/li><li>Bezpe\u010dn\u00e1 manipulace s kojencem od 6 m\u011bs\u00edc\u016f v\u011bku<\/li><li>Uplat\u0148ov\u00e1n\u00ed znalost\u00ed o v\u00fdvojov\u00fdch etap\u00e1ch a podpora soci\u00e1ln\u011b emo\u010dn\u00edho v\u00fdvoje d\u00edt\u011bte v ran\u00e9m v\u011bku<\/li><li>Orientace v podm\u00ednk\u00e1ch poskytov\u00e1n\u00ed slu\u017eby p\u00e9\u010de o d\u00edt\u011b v d\u011btsk\u00e9 skupin\u011b<\/li><li>Orientace v provozn\u00edch a hygienick\u00fdch pravidlech p\u0159i pr\u00e1ci s d\u011btmi v d\u011btsk\u00e9 skupin\u011b<\/li><li> Veden\u00ed d\u00edt\u011bte k hygienick\u00fdm n\u00e1vyk\u016fm<\/li><li>\u0158e\u0161en\u00ed nep\u0159\u00edzniv\u00fdch v\u00fdchovn\u00fdch situac\u00ed z pedagogicko-psychologick\u00e9ho hlediska <\/li><\/ul>\n\n\n\n<h3 class=\"wp-block-heading\">Vstupn\u00ed p\u0159edpoklady<\/h3>\n\n\n\n<ul class=\"wp-block-list\"><li>min. 18 let v\u011bku<\/li><li>v\u00fdslovnost bez logopedick\u00fdch vad &#8211; ov\u011b\u0159\u00ed zkou\u0161ej\u00edc\u00ed v r\u00e1mci realizace zkou\u0161ky<\/li><li>osv\u011bd\u010den\u00ed o profesn\u00ed kvalifikaci Ch\u016fva pro d\u011bti do zah\u00e1jen\u00ed povinn\u00e9 \u0161koln\u00ed doch\u00e1zky<\/li><\/ul>\n\n\n\n<h3 class=\"wp-block-heading\">Forma zkou\u0161ky a term\u00edny<\/h3>\n\n\n\n<p>Zkou\u0161ka z profesn\u00ed kvalifikace prob\u00edh\u00e1 PREZEN\u010cN\u011a v Krom\u011b\u0159\u00ed\u017ei (pop\u0159\u00edpad\u011b v m\u00edst\u011b objednatele) a skl\u00e1d\u00e1 se z p\u00edsemn\u00e9, praktick\u00e9 a \u00fastn\u00ed \u010d\u00e1sti.<\/p>\n\n\n\n<p><strong>term\u00edny:<\/strong><\/p>\n\n\n\n<ul class=\"wp-block-list\"><li>\u0159\u00edjen 2024 &#8211; ned\u011ble<\/li><li>prosinec 2024 &#8211; ned\u011ble<\/li><\/ul>\n\n\n\n<h3 class=\"wp-block-heading\">Cena zkou\u0161ky<\/h3>\n\n\n\n<p>Cena rozd\u00edlov\u00e9 zkou\u0161ky je 3 800 K\u010d <br>V cen\u011b\u00a0jsou zahrnuty odborn\u00e9 konzultace s\u00a0lektory (3 x 60 min.) p\u0159ed kon\u00e1n\u00edm zkou\u0161ky, pitn\u00fd re\u017eim po dobu kon\u00e1n\u00ed zkou\u0161ky. <\/p>\n\n\n\n<p> V p\u0159\u00edpad\u011b z\u00e1jmu o vykon\u00e1n\u00ed zkou\u0161ky pros\u00edm kontaktujte Lenku Tomm (rekvalifikace.chuvy@gmail.com), p\u0159edsedkyni spolku, kter\u00e1 s V\u00e1mi vy\u0159e\u0161\u00ed v\u0161echny podrobnosti.  <\/p>\n\n\n\n<p><\/p>\n\n\n\n<p><\/p>\n","protected":false},"excerpt":{"rendered":"<p>Jsme akreditovan\u00e9 za\u0159\u00edzen\u00ed, kter\u00e9 po\u0159\u00e1d\u00e1 zkou\u0161ku profesn\u00ed kvalifikace Ch\u016fva pro d\u011bti v&nbsp;d\u011btsk\u00e9 skupin\u011b&nbsp;(k\u00f3d 69-073-M). Od 1. 7. 2022 (pro poskytovatele s opr\u00e1vn\u011bn\u00edm vznikl\u00fdm p\u0159ed \u00fa\u010dinnost\u00ed z\u00e1kona a\u017e od 1. 10. 2024) za\u010dala platit nov\u00e1 podm\u00ednka, \u017ee p\u0159i p\u00e9\u010di o d\u011bti v DS bude muset m\u00edt v\u017edy alespo\u0148 jedna z pe\u010duj\u00edc\u00edch osob novou profesn\u00ed kvalifikaci Ch\u016fva &hellip; <\/p>\n<p class=\"link-more\"><a href=\"https:\/\/www.jeslicky.com\/index.php\/rozdilova-profesni-zkouska-chuva\/\" class=\"more-link\">Pokra\u010dovat ve \u010dten\u00ed<span class=\"screen-reader-text\"> &#8222;Rozd\u00edlov\u00e1 profesn\u00ed zkou\u0161ka &#8211; Ch\u016fva&#8220;<\/span><\/a><\/p>\n","protected":false},"author":1,"featured_media":0,"parent":0,"menu_order":0,"comment_status":"closed","ping_status":"closed","template":"","meta":{"footnotes":""},"class_list":["post-806","page","type-page","status-publish","hentry"],"_links":{"self":[{"href":"https:\/\/www.jeslicky.com\/index.php\/wp-json\/wp\/v2\/pages\/806","targetHints":{"allow":["GET"]}}],"collection":[{"href":"https:\/\/www.jeslicky.com\/index.php\/wp-json\/wp\/v2\/pages"}],"about":[{"href":"https:\/\/www.jeslicky.com\/index.php\/wp-json\/wp\/v2\/types\/page"}],"author":[{"embeddable":true,"href":"https:\/\/www.jeslicky.com\/index.php\/wp-json\/wp\/v2\/users\/1"}],"replies":[{"embeddable":true,"href":"https:\/\/www.jeslicky.com\/index.php\/wp-json\/wp\/v2\/comments?post=806"}],"version-history":[{"count":5,"href":"https:\/\/www.jeslicky.com\/index.php\/wp-json\/wp\/v2\/pages\/806\/revisions"}],"predecessor-version":[{"id":844,"href":"https:\/\/www.jeslicky.com\/index.php\/wp-json\/wp\/v2\/pages\/806\/revisions\/844"}],"wp:attachment":[{"href":"https:\/\/www.jeslicky.com\/index.php\/wp-json\/wp\/v2\/media?parent=806"}],"curies":[{"name":"wp","href":"https:\/\/api.w.org\/{rel}","templated":true}]}}