{"id":878,"date":"2025-06-08T17:03:36","date_gmt":"2025-06-08T15:03:36","guid":{"rendered":"http:\/\/www.prokromeriz.cz\/?page_id=878"},"modified":"2025-06-08T17:24:38","modified_gmt":"2025-06-08T15:24:38","slug":"jesle-ve-zline","status":"publish","type":"page","link":"https:\/\/www.jeslicky.com\/index.php\/jesle-ve-zline\/","title":{"rendered":"Jesle ve Zl\u00edn\u011b"},"content":{"rendered":"\n<p><strong>Jesli\u010dky ve Zl\u00edn\u011b<\/strong> se nach\u00e1zej\u00ed v klidn\u00e9 \u010d\u00e1sti <strong>Zl\u00edna \u2013 Kostelce<\/strong>, nedaleko p\u0159ehrady. S\u00eddl\u00ed v rodinn\u00e9m dom\u011b s <strong>malebnou zahradou<\/strong>, kde najdou z\u00e1zem\u00ed t\u0159i mal\u00e9 d\u011btsk\u00e9 skupiny:<\/p>\n\n\n\n<ul class=\"wp-block-list\"><li> <a href=\"https:\/\/www.prokromeriz.cz\/index.php\/cvrcci\/\"><strong>Cvr\u010dci<\/strong> <\/a><\/li><li> <a href=\"https:\/\/www.prokromeriz.cz\/index.php\/motylci\/\"><strong>Mot\u00fdlci<\/strong> <\/a><\/li><li> <a href=\"https:\/\/www.prokromeriz.cz\/index.php\/berusky\/\"><strong>Beru\u0161ky<\/strong> <\/a><\/li><\/ul>\n\n\n\n<p>Ka\u017ed\u00e1 skupina je tvo\u0159ena <strong>\u010dty\u0159mi nejmen\u0161\u00edmi d\u011btmi<\/strong>, o kter\u00e9 pe\u010duje jejich <strong>vlastn\u00ed ch\u016fvi\u010dka<\/strong>. Provoz je tak velmi osobn\u00ed, klidn\u00fd a p\u0159irozen\u011b navazuje na rodinnou p\u00e9\u010di.<\/p>\n\n\n\n<p>D\u016fm je vybaven <strong>funk\u010dn\u011b a bezpe\u010dn\u011b<\/strong>, s ohledem na ka\u017edodenn\u00ed pot\u0159eby mal\u00fdch d\u011bt\u00ed. Ka\u017ed\u00e1 m\u00edstnost je upravena tak, aby podporovala <strong>samostatnost, pohyb i klidov\u00fd re\u017eim<\/strong> d\u011bt\u00ed. D\u016fraz klademe na <strong>bezpe\u010dnost, prakti\u010dnost a p\u0159ehlednost prostoru<\/strong>.<\/p>\n\n\n\n<p>D\u011bti tr\u00e1v\u00ed sv\u016fj den nejen uvnit\u0159 jesl\u00ed, ale i <strong>na zahrad\u011b<\/strong>, <strong>na m\u011bstsk\u00fdch h\u0159i\u0161t\u00edch<\/strong>, <strong>v parc\u00edch<\/strong> a podle mo\u017enost\u00ed tak\u00e9 <strong>na sportovi\u0161t\u00edch v okol\u00ed<\/strong>. Pobyt na \u010derstv\u00e9m vzduchu je sou\u010d\u00e1st\u00ed ka\u017ed\u00e9ho dne.<\/p>\n","protected":false},"excerpt":{"rendered":"<p>Jesli\u010dky ve Zl\u00edn\u011b se nach\u00e1zej\u00ed v klidn\u00e9 \u010d\u00e1sti Zl\u00edna \u2013 Kostelce, nedaleko p\u0159ehrady. S\u00eddl\u00ed v rodinn\u00e9m dom\u011b s malebnou zahradou, kde najdou z\u00e1zem\u00ed t\u0159i mal\u00e9 d\u011btsk\u00e9 skupiny: Cvr\u010dci Mot\u00fdlci Beru\u0161ky Ka\u017ed\u00e1 skupina je tvo\u0159ena \u010dty\u0159mi nejmen\u0161\u00edmi d\u011btmi, o kter\u00e9 pe\u010duje jejich vlastn\u00ed ch\u016fvi\u010dka. Provoz je tak velmi osobn\u00ed, klidn\u00fd a p\u0159irozen\u011b navazuje na rodinnou p\u00e9\u010di. &hellip; <\/p>\n<p class=\"link-more\"><a href=\"https:\/\/www.jeslicky.com\/index.php\/jesle-ve-zline\/\" class=\"more-link\">Pokra\u010dovat ve \u010dten\u00ed<span class=\"screen-reader-text\"> &#8222;Jesle ve Zl\u00edn\u011b&#8220;<\/span><\/a><\/p>\n","protected":false},"author":1,"featured_media":0,"parent":0,"menu_order":0,"comment_status":"closed","ping_status":"closed","template":"","meta":{"footnotes":""},"class_list":["post-878","page","type-page","status-publish","hentry"],"_links":{"self":[{"href":"https:\/\/www.jeslicky.com\/index.php\/wp-json\/wp\/v2\/pages\/878","targetHints":{"allow":["GET"]}}],"collection":[{"href":"https:\/\/www.jeslicky.com\/index.php\/wp-json\/wp\/v2\/pages"}],"about":[{"href":"https:\/\/www.jeslicky.com\/index.php\/wp-json\/wp\/v2\/types\/page"}],"author":[{"embeddable":true,"href":"https:\/\/www.jeslicky.com\/index.php\/wp-json\/wp\/v2\/users\/1"}],"replies":[{"embeddable":true,"href":"https:\/\/www.jeslicky.com\/index.php\/wp-json\/wp\/v2\/comments?post=878"}],"version-history":[{"count":6,"href":"https:\/\/www.jeslicky.com\/index.php\/wp-json\/wp\/v2\/pages\/878\/revisions"}],"predecessor-version":[{"id":905,"href":"https:\/\/www.jeslicky.com\/index.php\/wp-json\/wp\/v2\/pages\/878\/revisions\/905"}],"wp:attachment":[{"href":"https:\/\/www.jeslicky.com\/index.php\/wp-json\/wp\/v2\/media?parent=878"}],"curies":[{"name":"wp","href":"https:\/\/api.w.org\/{rel}","templated":true}]}}