{"id":890,"date":"2025-06-08T17:19:25","date_gmt":"2025-06-08T15:19:25","guid":{"rendered":"http:\/\/www.prokromeriz.cz\/?page_id=890"},"modified":"2026-04-07T11:37:41","modified_gmt":"2026-04-07T09:37:41","slug":"cvrcci","status":"publish","type":"page","link":"https:\/\/www.jeslicky.com\/index.php\/cvrcci\/","title":{"rendered":"Cvr\u010dci"},"content":{"rendered":"\n<p><strong>Odd\u011blen\u00ed Cvr\u010dk\u016f zah\u00e1jilo provoz 1. z\u00e1\u0159\u00ed 2025.<\/strong><\/p>\n\n\n\n<p>Skupinka Cvr\u010dk\u016f s\u00eddl\u00ed v p\u0159\u00edzem\u00ed rodinn\u00e9ho domu, ve kter\u00e9m provozujeme na\u0161e zl\u00ednsk\u00e9 jesli\u010dky. Prostor je uzp\u016fsoben nejmen\u0161\u00edm d\u011btem \u2013 je \u00fatuln\u00fd, bezpe\u010dn\u00fd a prakticky vybaven\u00fd tak, aby podporoval p\u0159irozen\u00fd denn\u00ed rytmus d\u011bt\u00ed.<\/p>\n\n\n\n<p>O d\u011bti zde pe\u010duje ch\u016fvi\u010dka <strong>Zuzanka<\/strong>, kterou dopl\u0148uje pomocn\u00e1 ch\u016fvi\u010dka. D\u00edky mal\u00e9mu po\u010dtu d\u011bt\u00ed ve skupin\u011b (maxim\u00e1ln\u011b 4) se mohou pln\u011b v\u011bnovat individu\u00e1ln\u00edm pot\u0159eb\u00e1m ka\u017ed\u00e9ho d\u00edt\u011bte a vytv\u00e1\u0159et klidn\u00e9, v\u0159el\u00e9 a respektuj\u00edc\u00ed prost\u0159ed\u00ed.<\/p>\n\n\n\n<p><\/p>\n","protected":false},"excerpt":{"rendered":"<p>Odd\u011blen\u00ed Cvr\u010dk\u016f zah\u00e1jilo provoz 1. z\u00e1\u0159\u00ed 2025. Skupinka Cvr\u010dk\u016f s\u00eddl\u00ed v p\u0159\u00edzem\u00ed rodinn\u00e9ho domu, ve kter\u00e9m provozujeme na\u0161e zl\u00ednsk\u00e9 jesli\u010dky. Prostor je uzp\u016fsoben nejmen\u0161\u00edm d\u011btem \u2013 je \u00fatuln\u00fd, bezpe\u010dn\u00fd a prakticky vybaven\u00fd tak, aby podporoval p\u0159irozen\u00fd denn\u00ed rytmus d\u011bt\u00ed. O d\u011bti zde pe\u010duje ch\u016fvi\u010dka Zuzanka, kterou dopl\u0148uje pomocn\u00e1 ch\u016fvi\u010dka. D\u00edky mal\u00e9mu po\u010dtu d\u011bt\u00ed ve skupin\u011b &hellip; <\/p>\n<p class=\"link-more\"><a href=\"https:\/\/www.jeslicky.com\/index.php\/cvrcci\/\" class=\"more-link\">Pokra\u010dovat ve \u010dten\u00ed<span class=\"screen-reader-text\"> &#8222;Cvr\u010dci&#8220;<\/span><\/a><\/p>\n","protected":false},"author":1,"featured_media":0,"parent":0,"menu_order":0,"comment_status":"closed","ping_status":"closed","template":"","meta":{"footnotes":""},"class_list":["post-890","page","type-page","status-publish","hentry"],"_links":{"self":[{"href":"https:\/\/www.jeslicky.com\/index.php\/wp-json\/wp\/v2\/pages\/890","targetHints":{"allow":["GET"]}}],"collection":[{"href":"https:\/\/www.jeslicky.com\/index.php\/wp-json\/wp\/v2\/pages"}],"about":[{"href":"https:\/\/www.jeslicky.com\/index.php\/wp-json\/wp\/v2\/types\/page"}],"author":[{"embeddable":true,"href":"https:\/\/www.jeslicky.com\/index.php\/wp-json\/wp\/v2\/users\/1"}],"replies":[{"embeddable":true,"href":"https:\/\/www.jeslicky.com\/index.php\/wp-json\/wp\/v2\/comments?post=890"}],"version-history":[{"count":4,"href":"https:\/\/www.jeslicky.com\/index.php\/wp-json\/wp\/v2\/pages\/890\/revisions"}],"predecessor-version":[{"id":1000,"href":"https:\/\/www.jeslicky.com\/index.php\/wp-json\/wp\/v2\/pages\/890\/revisions\/1000"}],"wp:attachment":[{"href":"https:\/\/www.jeslicky.com\/index.php\/wp-json\/wp\/v2\/media?parent=890"}],"curies":[{"name":"wp","href":"https:\/\/api.w.org\/{rel}","templated":true}]}}