{"id":899,"date":"2025-06-08T17:22:44","date_gmt":"2025-06-08T15:22:44","guid":{"rendered":"http:\/\/www.prokromeriz.cz\/?page_id=899"},"modified":"2026-04-07T11:39:37","modified_gmt":"2026-04-07T09:39:37","slug":"berusky","status":"publish","type":"page","link":"https:\/\/www.jeslicky.com\/index.php\/berusky\/","title":{"rendered":"Beru\u0161ky"},"content":{"rendered":"\n<p><strong>Odd\u011blen\u00ed <strong>Beru\u0161ek<\/strong> zah\u00e1jilo provoz 1. z\u00e1\u0159\u00ed 2025.<\/strong><br><\/p>\n\n\n\n<p>Stejn\u011b jako Mot\u00fdlci, i Beru\u0161ky s\u00eddl\u00ed v <strong>1. pat\u0159e rodinn\u00e9ho domu<\/strong>, v \u00fatuln\u00e9m a podn\u011btn\u00e9m prost\u0159ed\u00ed, kter\u00e9 podporuje zdrav\u00fd v\u00fdvoj, samostatnost i klidn\u00fd re\u017eim nejmen\u0161\u00edch d\u011bt\u00ed.<\/p>\n\n\n\n<p>Skupinku tvo\u0159\u00ed maxim\u00e1ln\u011b <strong>4 d\u011bti<\/strong>, o kter\u00e9 se star\u00e1 <strong>hlavn\u00ed ch\u016fva<\/strong> s podporou <strong>pomocn\u00e9 ch\u016fvy<\/strong>. Vytv\u00e1\u0159ej\u00ed spolu stabiln\u00ed a bezpe\u010dn\u00e9 prost\u0159ed\u00ed, kde se d\u011bti mohou c\u00edtit dob\u0159e a p\u0159irozen\u011b r\u016fst.<\/p>\n","protected":false},"excerpt":{"rendered":"<p>Odd\u011blen\u00ed Beru\u0161ek zah\u00e1jilo provoz 1. z\u00e1\u0159\u00ed 2025. Stejn\u011b jako Mot\u00fdlci, i Beru\u0161ky s\u00eddl\u00ed v 1. pat\u0159e rodinn\u00e9ho domu, v \u00fatuln\u00e9m a podn\u011btn\u00e9m prost\u0159ed\u00ed, kter\u00e9 podporuje zdrav\u00fd v\u00fdvoj, samostatnost i klidn\u00fd re\u017eim nejmen\u0161\u00edch d\u011bt\u00ed. Skupinku tvo\u0159\u00ed maxim\u00e1ln\u011b 4 d\u011bti, o kter\u00e9 se star\u00e1 hlavn\u00ed ch\u016fva s podporou pomocn\u00e9 ch\u016fvy. Vytv\u00e1\u0159ej\u00ed spolu stabiln\u00ed a bezpe\u010dn\u00e9 prost\u0159ed\u00ed, kde &hellip; <\/p>\n<p class=\"link-more\"><a href=\"https:\/\/www.jeslicky.com\/index.php\/berusky\/\" class=\"more-link\">Pokra\u010dovat ve \u010dten\u00ed<span class=\"screen-reader-text\"> &#8222;Beru\u0161ky&#8220;<\/span><\/a><\/p>\n","protected":false},"author":1,"featured_media":0,"parent":0,"menu_order":0,"comment_status":"closed","ping_status":"closed","template":"","meta":{"footnotes":""},"class_list":["post-899","page","type-page","status-publish","hentry"],"_links":{"self":[{"href":"https:\/\/www.jeslicky.com\/index.php\/wp-json\/wp\/v2\/pages\/899","targetHints":{"allow":["GET"]}}],"collection":[{"href":"https:\/\/www.jeslicky.com\/index.php\/wp-json\/wp\/v2\/pages"}],"about":[{"href":"https:\/\/www.jeslicky.com\/index.php\/wp-json\/wp\/v2\/types\/page"}],"author":[{"embeddable":true,"href":"https:\/\/www.jeslicky.com\/index.php\/wp-json\/wp\/v2\/users\/1"}],"replies":[{"embeddable":true,"href":"https:\/\/www.jeslicky.com\/index.php\/wp-json\/wp\/v2\/comments?post=899"}],"version-history":[{"count":2,"href":"https:\/\/www.jeslicky.com\/index.php\/wp-json\/wp\/v2\/pages\/899\/revisions"}],"predecessor-version":[{"id":1002,"href":"https:\/\/www.jeslicky.com\/index.php\/wp-json\/wp\/v2\/pages\/899\/revisions\/1002"}],"wp:attachment":[{"href":"https:\/\/www.jeslicky.com\/index.php\/wp-json\/wp\/v2\/media?parent=899"}],"curies":[{"name":"wp","href":"https:\/\/api.w.org\/{rel}","templated":true}]}}